{"id":1142,"date":"2019-03-28T11:43:43","date_gmt":"2019-03-28T10:43:43","guid":{"rendered":"http:\/\/gobiker.es\/inicio\/"},"modified":"2020-09-30T13:41:29","modified_gmt":"2020-09-30T11:41:29","slug":"inicio","status":"publish","type":"page","link":"https:\/\/gobiker.es\/de\/","title":{"rendered":"Start"},"content":{"rendered":"<p><div class=\"fusion-fullwidth fullwidth-box fusion-builder-row-1 hundred-percent-fullwidth non-hundred-percent-height-scrolling\" style=\"--awb-border-radius-top-left:0px;--awb-border-radius-top-right:0px;--awb-border-radius-bottom-right:0px;--awb-border-radius-bottom-left:0px;--awb-padding-top:0px;--awb-padding-right:0px;--awb-padding-bottom:0px;--awb-padding-left:0px;--awb-margin-top:0px;--awb-margin-bottom:0px;--awb-background-color:#95c121;--awb-flex-wrap:wrap;\" id=\"contenedorJardin\" ><div class=\"fusion-builder-row fusion-row\"><div class=\"fusion-layout-column fusion_builder_column fusion-builder-column-0 fusion_builder_column_1_2 1_2 fusion-one-half fusion-column-first\" style=\"--awb-bg-size:cover;width:50%;width:calc(50% - ( ( 0% ) * 0.5 ) );margin-right: 0%;\" id=\"contenidoJardinSello\"><div class=\"fusion-column-wrapper fusion-column-has-shadow fusion-flex-column-wrapper-legacy\"><div class=\"fusion-image-element in-legacy-container\" style=\"--awb-caption-title-font-family:var(--h2_typography-font-family);--awb-caption-title-font-weight:var(--h2_typography-font-weight);--awb-caption-title-font-style:var(--h2_typography-font-style);--awb-caption-title-size:var(--h2_typography-font-size);--awb-caption-title-transform:var(--h2_typography-text-transform);--awb-caption-title-line-height:var(--h2_typography-line-height);--awb-caption-title-letter-spacing:var(--h2_typography-letter-spacing);\"><span class=\" fusion-imageframe imageframe-none imageframe-1 hover-type-none\"><img decoding=\"async\" width=\"960\" height=\"686\" alt=\"Gobiker - Equipa tu veh\u00edculo para el transporte de bicicletas y mascotas. Y s\u00e9 libre de moverte donde quieras\" title=\"nnnn\" src=\"http:\/\/gobiker.es\/wp-content\/uploads\/2019\/07\/nnnn.jpg\" class=\"img-responsive wp-image-956\" srcset=\"https:\/\/gobiker.es\/wp-content\/uploads\/2019\/07\/nnnn-600x429.jpg 600w, https:\/\/gobiker.es\/wp-content\/uploads\/2019\/07\/nnnn.jpg 960w\" sizes=\"(max-width: 800px) 100vw, 960px\" \/><\/span><\/div><div class=\"fusion-clearfix\"><\/div><\/div><\/div><div class=\"fusion-layout-column fusion_builder_column fusion-builder-column-1 fusion_builder_column_1_2 1_2 fusion-one-half fusion-column-last\" style=\"--awb-bg-size:cover;width:50%;width:calc(50% - ( ( 0% ) * 0.5 ) );\" id=\"contenidoJardinTexto\"><div class=\"fusion-column-wrapper fusion-column-has-shadow fusion-flex-column-wrapper-legacy\"><div class=\"fusion-title title fusion-title-1 fusion-sep-none fusion-title-text fusion-title-size-two upper\" style=\"--awb-text-color:#ffffff;--awb-margin-bottom:0px;--awb-margin-bottom-small:0px;--awb-font-size:6rem;\" id=\"tituloH2EspecialHoggar\"><h2 class=\"fusion-title-heading title-heading-left\" style=\"margin:0;font-size:1em;\"><img decoding=\"async\" class=\"alignnone size-full wp-image-876\" src=\"http:\/\/gobiker.es\/wp-content\/uploads\/2019\/05\/gobikerLogoPostSlider-compressor.png\" alt=\"Gobiker online - Porta bicicletas y porta mascostas\" width=\"306\" height=\"59\" srcset=\"https:\/\/gobiker.es\/wp-content\/uploads\/2019\/05\/gobikerLogoPostSlider-compressor-300x59.png 300w, https:\/\/gobiker.es\/wp-content\/uploads\/2019\/05\/gobikerLogoPostSlider-compressor.png 306w\" sizes=\"(max-width: 306px) 100vw, 306px\" \/>\u00a0<\/h2><\/div><div class=\"fusion-text fusion-text-1\"><p><span style=\"font-weight: 400;\">Die Marke Gobiker entstand aus dem Bed\u00fcrfnis unserer Kunden, ihre Autos mit Qualit\u00e4ts-, Sicherheits- und Designprodukten auszustatten, ohne auf einen sehr wettbewerbsf\u00e4higen Preis zu verzichten. Mit unseren wichtigsten Fahrradtr\u00e4gern f\u00fcr Dach, Heckklappe und Anh\u00e4ngerkupplung k\u00f6nnen Sie problemlos und sicher bis zu 3 Fahrr\u00e4der mit einem Gewicht von jeweils 15 kg transportieren. Dar\u00fcber hinaus entwickeln wir einen neuen Hundetr\u00e4ger mit allem Komfort f\u00fcr Sie und Ihre Begleiter.<\/span><\/p>\n<p><span style=\"font-weight: 400;\">Aluminium- und \/ oder Stahlprodukte mit au\u00dfergew\u00f6hnlichem Design und sehr einfach an Ihrem Auto zu befestigen, die Qualit\u00e4t und Haltbarkeit im t\u00e4glichen Gebrauch garantieren.<\/span><\/p>\n<\/div><div class=\"fusion-alignleft\"><a class=\"fusion-button button-flat button-large button-custom fusion-button-default button-1 fusion-button-default-span fusion-button-default-type btnCategoriaWoocommerce\" style=\"--button_accent_color:#95c121;--button_border_color:#95c121;--button_accent_hover_color:#ffffff;--button_border_hover_color:#ffffff;--button-border-radius-top-left:25px;--button-border-radius-top-right:25px;--button-border-radius-bottom-right:25px;--button-border-radius-bottom-left:25px;--button_gradient_top_color:#ffffff;--button_gradient_bottom_color:#ffffff;--button_gradient_top_color_hover:#3d4248;--button_gradient_bottom_color_hover:#3d4248;--button_text_transform:uppercase;\" target=\"_self\" title=\"Produkte ansehen\" aria-label=\"Produkte ansehen\" href=\"http:\/\/gobiker.es\/de\/shop\/\"><span class=\"fusion-button-text\">Produkte ansehen<\/span><\/a><\/div><div class=\"fusion-clearfix\"><\/div><\/div><\/div><\/div><\/div><div class=\"fusion-fullwidth fullwidth-box fusion-builder-row-2 hundred-percent-fullwidth non-hundred-percent-height-scrolling fusion-no-small-visibility\" style=\"--awb-border-radius-top-left:0px;--awb-border-radius-top-right:0px;--awb-border-radius-bottom-right:0px;--awb-border-radius-bottom-left:0px;--awb-background-color:#95c121;--awb-flex-wrap:wrap;\" ><div class=\"fusion-builder-row fusion-row\"><div class=\"fusion-layout-column fusion_builder_column fusion-builder-column-2 fusion_builder_column_1_1 1_1 fusion-one-full fusion-column-first fusion-column-last\" style=\"--awb-padding-top:2vw;--awb-padding-bottom:2vw;--awb-bg-size:cover;\"><div class=\"fusion-column-wrapper fusion-column-has-shadow fusion-flex-column-wrapper-legacy\">\n<div class=\"fusion-slider-revolution rev_slider_wrapper\">\t\t\t<!-- START Movilidad urbana REVOLUTION SLIDER 6.7.15 --><p class=\"rs-p-wp-fix\"><\/p>\n\t\t\t<rs-module-wrap id=\"rev_slider_2_1_wrapper\" data-source=\"gallery\" style=\"visibility:hidden;background:transparent;padding:0;margin:0px auto;margin-top:0;margin-bottom:0;\">\n\t\t\t\t<rs-module id=\"rev_slider_2_1\" style=\"\" data-version=\"6.7.15\">\n\t\t\t\t\t<rs-slides style=\"overflow: hidden; position: absolute;\">\n\t\t\t\t\t\t<rs-slide style=\"position: absolute;\" data-key=\"rs-19\" data-title=\"Slide\" data-duration=\"11240\" data-anim=\"r:0;\" data-in=\"o:0;\" data-out=\"a:false;\">\n\t\t\t\t\t\t\t<img decoding=\"async\" src=\"\/\/gobiker.es\/wp-content\/plugins\/revslider\/sr6\/assets\/assets\/dummy.png\" alt=\"\" title=\"Start\" class=\"rev-slidebg tp-rs-img rs-lazyload\" data-lazyload=\"\/\/gobiker.es\/wp-content\/uploads\/2018\/03\/fndo-casos-exito.jpg?_t=1520595815\" data-parallax=\"off\" data-no-retina>\n<!--\n\t\t\t\t\t\t\t--><rs-layer\n\t\t\t\t\t\t\t\tid=\"slider-2-slide-19-layer-10\" \n\t\t\t\t\t\t\t\tclass=\"rs-pxl-2\"\n\t\t\t\t\t\t\t\tdata-type=\"image\"\n\t\t\t\t\t\t\t\tdata-rsp_ch=\"on\"\n\t\t\t\t\t\t\t\tdata-xy=\"x:c;y:c;\"\n\t\t\t\t\t\t\t\tdata-text=\"l:22;a:inherit;\"\n\t\t\t\t\t\t\t\tdata-dim=\"w:1743px;h:222px;\"\n\t\t\t\t\t\t\t\tdata-frame_0=\"o:1;\"\n\t\t\t\t\t\t\t\tdata-frame_0_sfx=\"se:blocktoleft;fxc:#2c2c2c;\"\n\t\t\t\t\t\t\t\tdata-frame_1=\"e:power4.inOut;st:1900;sp:900;sR:1900;\"\n\t\t\t\t\t\t\t\tdata-frame_1_sfx=\"se:blocktoleft;fxc:#2c2c2c;\"\n\t\t\t\t\t\t\t\tdata-frame_999=\"o:0;st:w;sp:2000;sR:8440;\"\n\t\t\t\t\t\t\t\tstyle=\"z-index:5;\"\n\t\t\t\t\t\t\t><img decoding=\"async\" src=\"\/\/gobiker.es\/wp-content\/plugins\/revslider\/sr6\/assets\/assets\/dummy.png\" alt=\"\" class=\"tp-rs-img rs-lazyload\" width=\"1743\" height=\"222\" data-lazyload=\"\/\/gobiker.es\/wp-content\/uploads\/2020\/09\/ALEMAN-MUEVETE.png\" data-no-retina> \n\t\t\t\t\t\t\t<\/rs-layer><!--\n-->\t\t\t\t\t<\/rs-slide>\n\t\t\t\t\t<\/rs-slides>\n\t\t\t\t<\/rs-module>\n\t\t\t\t<script>\n\t\t\t\t\tsetREVStartSize({c: 'rev_slider_2_1',rl:[1240,1024,768,480],el:[430],gw:[1900],gh:[430],type:'standard',justify:'',layout:'fullwidth',mh:\"0\"});if (window.RS_MODULES!==undefined && window.RS_MODULES.modules!==undefined && window.RS_MODULES.modules[\"revslider21\"]!==undefined) {window.RS_MODULES.modules[\"revslider21\"].once = false;window.revapi2 = undefined;if (window.RS_MODULES.checkMinimal!==undefined) window.RS_MODULES.checkMinimal()}\n\t\t\t\t<\/script>\n\t\t\t<\/rs-module-wrap>\n\t\t\t<!-- END REVOLUTION SLIDER -->\n<\/div><div class=\"fusion-clearfix\"><\/div><\/div><\/div><\/div><\/div><div class=\"fusion-fullwidth fullwidth-box fusion-builder-row-3 contenedorCategorias hundred-percent-fullwidth non-hundred-percent-height-scrolling\" style=\"--awb-border-radius-top-left:0px;--awb-border-radius-top-right:0px;--awb-border-radius-bottom-right:0px;--awb-border-radius-bottom-left:0px;--awb-padding-top:0px;--awb-padding-right:0px;--awb-padding-bottom:0px;--awb-padding-left:0px;--awb-margin-top:0px;--awb-margin-bottom:0px;--awb-flex-wrap:wrap;\" ><div class=\"fusion-builder-row fusion-row\"><div class=\"fusion-layout-column fusion_builder_column fusion-builder-column-3 fusion_builder_column_1_2 1_2 fusion-one-half fusion-column-first colFlex fusion-column-inner-bg-wrapper\" style=\"--awb-inner-bg-size:cover;width:50%;width:calc(50% - ( ( 0% ) * 0.5 ) );margin-right: 0%;\"><span class=\"fusion-column-inner-bg hover-type-none\"><a class=\"fusion-column-anchor\" href=\"\/de\/geschaeft\/fahrradtraeger\/\"><span class=\"fusion-column-inner-bg-image\"><\/span><\/a><\/span><div class=\"fusion-column-wrapper fusion-column-has-shadow fusion-flex-column-wrapper-legacy\"><div class=\"fusion-image-element fusion-image-align-center in-legacy-container\" style=\"text-align:center;--awb-caption-title-font-family:var(--h2_typography-font-family);--awb-caption-title-font-weight:var(--h2_typography-font-weight);--awb-caption-title-font-style:var(--h2_typography-font-style);--awb-caption-title-size:var(--h2_typography-font-size);--awb-caption-title-transform:var(--h2_typography-text-transform);--awb-caption-title-line-height:var(--h2_typography-line-height);--awb-caption-title-letter-spacing:var(--h2_typography-letter-spacing);\"><div class=\"imageframe-align-center\"><span class=\" fusion-imageframe imageframe-none imageframe-2 hover-type-zoomin\"><img decoding=\"async\" width=\"960\" height=\"686\" alt=\"Porta bicicletas\" title=\"Transporte de bicicletas y mascotas &#8211; Gobiker\" src=\"http:\/\/gobiker.es\/wp-content\/uploads\/2019\/05\/EASY-GOBIKERCOLOUR-PAPER-tama\u00f1oweb.jpg\" class=\"img-responsive wp-image-928\" srcset=\"https:\/\/gobiker.es\/wp-content\/uploads\/2019\/05\/EASY-GOBIKERCOLOUR-PAPER-tama\u00f1oweb-600x429.jpg 600w, https:\/\/gobiker.es\/wp-content\/uploads\/2019\/05\/EASY-GOBIKERCOLOUR-PAPER-tama\u00f1oweb.jpg 960w\" sizes=\"(max-width: 800px) 100vw, 960px\" \/><\/span><\/div><\/div><div class=\"fusion-builder-row fusion-builder-row-inner fusion-row\"><div class=\"fusion-layout-column fusion_builder_column_inner fusion-builder-nested-column-0 fusion_builder_column_inner_1_1 1_1 fusion-one-full fusion-column-first fusion-column-last contenedorTituloH2Categoria\" style=\"--awb-bg-size:cover;\"><div class=\"fusion-column-wrapper fusion-column-has-shadow fusion-flex-column-wrapper-legacy\"><div class=\"fusion-title title fusion-title-2 fusion-sep-none fusion-title-center fusion-title-text fusion-title-size-two tituloH2Categoria upper\" style=\"--awb-text-color:#ffffff;--awb-margin-bottom:0px;--awb-margin-bottom-small:0px;--awb-font-size:10rem;\"><h2 class=\"fusion-title-heading title-heading-center\" style=\"margin:0;font-size:1em;\">fahrradtr\u00e4ger<\/h2><\/div><div class=\"fusion-clearfix\"><\/div><\/div><\/div><\/div><div class=\"fusion-clearfix\"><\/div><\/div><\/div><div class=\"fusion-layout-column fusion_builder_column fusion-builder-column-4 fusion_builder_column_1_2 1_2 fusion-one-half fusion-column-last colFlex fusion-column-inner-bg-wrapper\" style=\"--awb-inner-bg-size:cover;width:50%;width:calc(50% - ( ( 0% ) * 0.5 ) );\"><span class=\"fusion-column-inner-bg hover-type-none\"><a class=\"fusion-column-anchor\" href=\"\/de\/geschaeft\/hundetransportbox\/\"><span class=\"fusion-column-inner-bg-image\"><\/span><\/a><\/span><div class=\"fusion-column-wrapper fusion-column-has-shadow fusion-flex-column-wrapper-legacy\"><div class=\"fusion-image-element fusion-image-align-center in-legacy-container\" style=\"text-align:center;--awb-caption-title-font-family:var(--h2_typography-font-family);--awb-caption-title-font-weight:var(--h2_typography-font-weight);--awb-caption-title-font-style:var(--h2_typography-font-style);--awb-caption-title-size:var(--h2_typography-font-size);--awb-caption-title-transform:var(--h2_typography-text-transform);--awb-caption-title-line-height:var(--h2_typography-line-height);--awb-caption-title-letter-spacing:var(--h2_typography-letter-spacing);\"><div class=\"imageframe-align-center\"><span class=\" fusion-imageframe imageframe-none imageframe-3 hover-type-zoomin\"><img decoding=\"async\" width=\"960\" height=\"686\" alt=\"Porta mascotas\" title=\"PERRO\" src=\"http:\/\/gobiker.es\/wp-content\/uploads\/2019\/07\/PERRO.jpg\" class=\"img-responsive wp-image-958\" srcset=\"https:\/\/gobiker.es\/wp-content\/uploads\/2019\/07\/PERRO-600x429.jpg 600w, https:\/\/gobiker.es\/wp-content\/uploads\/2019\/07\/PERRO.jpg 960w\" sizes=\"(max-width: 800px) 100vw, 960px\" \/><\/span><\/div><\/div><div class=\"fusion-builder-row fusion-builder-row-inner fusion-row\"><div class=\"fusion-layout-column fusion_builder_column_inner fusion-builder-nested-column-1 fusion_builder_column_inner_1_1 1_1 fusion-one-full fusion-column-first fusion-column-last contenedorTituloH2Categoria\" style=\"--awb-bg-size:cover;\"><div class=\"fusion-column-wrapper fusion-column-has-shadow fusion-flex-column-wrapper-legacy\"><div class=\"fusion-title title fusion-title-3 fusion-sep-none fusion-title-center fusion-title-text fusion-title-size-two tituloH2Categoria upper\" style=\"--awb-text-color:#ffffff;--awb-margin-bottom:0px;--awb-margin-bottom-small:0px;--awb-font-size:10rem;\"><h2 class=\"fusion-title-heading title-heading-center\" style=\"margin:0;font-size:1em;\">Hundetransportbox<\/h2><\/div><div class=\"fusion-clearfix\"><\/div><\/div><\/div><\/div><div class=\"fusion-clearfix\"><\/div><\/div><\/div><\/div><\/div>\n<\/p>\n","protected":false},"excerpt":{"rendered":"","protected":false},"author":4,"featured_media":0,"parent":0,"menu_order":0,"comment_status":"closed","ping_status":"closed","template":"100-width.php","meta":{"_acf_changed":false,"footnotes":""},"class_list":["post-1142","page","type-page","status-publish","hentry"],"acf":[],"yoast_head":"<!-- This site is optimized with the Yoast SEO plugin v27.1.1 - https:\/\/yoast.com\/product\/yoast-seo-wordpress\/ -->\n<title>Transporte de bicicletas y mascotas y s\u00e9 libre de moverte - Gobiker<\/title>\n<meta name=\"description\" content=\"En Gobiker online, podr\u00e1s equipar tu veh\u00edculo para el transporte de bicicletas y mascotas y s\u00e9 libre de moverte donde quieras.\" \/>\n<meta name=\"robots\" content=\"index, follow, max-snippet:-1, max-image-preview:large, max-video-preview:-1\" \/>\n<link rel=\"canonical\" href=\"https:\/\/gobiker.es\/de\/\" \/>\n<script type=\"application\/ld+json\" class=\"yoast-schema-graph\">{\"@context\":\"https:\/\/schema.org\",\"@graph\":[{\"@type\":\"WebPage\",\"@id\":\"https:\/\/gobiker.es\/de\/\",\"url\":\"https:\/\/gobiker.es\/de\/\",\"name\":\"Transporte de bicicletas y mascotas y s\u00e9 libre de moverte - Gobiker\",\"isPartOf\":{\"@id\":\"https:\/\/gobiker.es\/de\/#website\"},\"primaryImageOfPage\":{\"@id\":\"https:\/\/gobiker.es\/de\/#primaryimage\"},\"image\":{\"@id\":\"https:\/\/gobiker.es\/de\/#primaryimage\"},\"thumbnailUrl\":\"http:\/\/gobiker.es\/wp-content\/uploads\/2019\/05\/gobikerLogoPostSlider-compressor.png\",\"datePublished\":\"2019-03-28T10:43:43+00:00\",\"dateModified\":\"2020-09-30T11:41:29+00:00\",\"description\":\"En Gobiker online, podr\u00e1s equipar tu veh\u00edculo para el transporte de bicicletas y mascotas y s\u00e9 libre de moverte donde quieras.\",\"breadcrumb\":{\"@id\":\"https:\/\/gobiker.es\/de\/#breadcrumb\"},\"inLanguage\":\"de\",\"potentialAction\":[{\"@type\":\"ReadAction\",\"target\":[\"https:\/\/gobiker.es\/de\/\"]}]},{\"@type\":\"ImageObject\",\"inLanguage\":\"de\",\"@id\":\"https:\/\/gobiker.es\/de\/#primaryimage\",\"url\":\"http:\/\/gobiker.es\/wp-content\/uploads\/2019\/05\/gobikerLogoPostSlider-compressor.png\",\"contentUrl\":\"http:\/\/gobiker.es\/wp-content\/uploads\/2019\/05\/gobikerLogoPostSlider-compressor.png\"},{\"@type\":\"BreadcrumbList\",\"@id\":\"https:\/\/gobiker.es\/de\/#breadcrumb\",\"itemListElement\":[{\"@type\":\"ListItem\",\"position\":1,\"name\":\"Portada\",\"item\":\"https:\/\/gobiker.es\/de\/\"},{\"@type\":\"ListItem\",\"position\":2,\"name\":\"Start\"}]},{\"@type\":\"WebSite\",\"@id\":\"https:\/\/gobiker.es\/de\/#website\",\"url\":\"https:\/\/gobiker.es\/de\/\",\"name\":\"Go Biker\",\"description\":\"Expertos en portabicicletas\",\"potentialAction\":[{\"@type\":\"SearchAction\",\"target\":{\"@type\":\"EntryPoint\",\"urlTemplate\":\"https:\/\/gobiker.es\/de\/?s={search_term_string}\"},\"query-input\":{\"@type\":\"PropertyValueSpecification\",\"valueRequired\":true,\"valueName\":\"search_term_string\"}}],\"inLanguage\":\"de\"}]}<\/script>\n<!-- \/ Yoast SEO plugin. -->","yoast_head_json":{"title":"Transporte de bicicletas y mascotas y s\u00e9 libre de moverte - Gobiker","description":"En Gobiker online, podr\u00e1s equipar tu veh\u00edculo para el transporte de bicicletas y mascotas y s\u00e9 libre de moverte donde quieras.","robots":{"index":"index","follow":"follow","max-snippet":"max-snippet:-1","max-image-preview":"max-image-preview:large","max-video-preview":"max-video-preview:-1"},"canonical":"https:\/\/gobiker.es\/de\/","schema":{"@context":"https:\/\/schema.org","@graph":[{"@type":"WebPage","@id":"https:\/\/gobiker.es\/de\/","url":"https:\/\/gobiker.es\/de\/","name":"Transporte de bicicletas y mascotas y s\u00e9 libre de moverte - Gobiker","isPartOf":{"@id":"https:\/\/gobiker.es\/de\/#website"},"primaryImageOfPage":{"@id":"https:\/\/gobiker.es\/de\/#primaryimage"},"image":{"@id":"https:\/\/gobiker.es\/de\/#primaryimage"},"thumbnailUrl":"http:\/\/gobiker.es\/wp-content\/uploads\/2019\/05\/gobikerLogoPostSlider-compressor.png","datePublished":"2019-03-28T10:43:43+00:00","dateModified":"2020-09-30T11:41:29+00:00","description":"En Gobiker online, podr\u00e1s equipar tu veh\u00edculo para el transporte de bicicletas y mascotas y s\u00e9 libre de moverte donde quieras.","breadcrumb":{"@id":"https:\/\/gobiker.es\/de\/#breadcrumb"},"inLanguage":"de","potentialAction":[{"@type":"ReadAction","target":["https:\/\/gobiker.es\/de\/"]}]},{"@type":"ImageObject","inLanguage":"de","@id":"https:\/\/gobiker.es\/de\/#primaryimage","url":"http:\/\/gobiker.es\/wp-content\/uploads\/2019\/05\/gobikerLogoPostSlider-compressor.png","contentUrl":"http:\/\/gobiker.es\/wp-content\/uploads\/2019\/05\/gobikerLogoPostSlider-compressor.png"},{"@type":"BreadcrumbList","@id":"https:\/\/gobiker.es\/de\/#breadcrumb","itemListElement":[{"@type":"ListItem","position":1,"name":"Portada","item":"https:\/\/gobiker.es\/de\/"},{"@type":"ListItem","position":2,"name":"Start"}]},{"@type":"WebSite","@id":"https:\/\/gobiker.es\/de\/#website","url":"https:\/\/gobiker.es\/de\/","name":"Go Biker","description":"Expertos en portabicicletas","potentialAction":[{"@type":"SearchAction","target":{"@type":"EntryPoint","urlTemplate":"https:\/\/gobiker.es\/de\/?s={search_term_string}"},"query-input":{"@type":"PropertyValueSpecification","valueRequired":true,"valueName":"search_term_string"}}],"inLanguage":"de"}]}},"_links":{"self":[{"href":"https:\/\/gobiker.es\/de\/wp-json\/wp\/v2\/pages\/1142","targetHints":{"allow":["GET"]}}],"collection":[{"href":"https:\/\/gobiker.es\/de\/wp-json\/wp\/v2\/pages"}],"about":[{"href":"https:\/\/gobiker.es\/de\/wp-json\/wp\/v2\/types\/page"}],"author":[{"embeddable":true,"href":"https:\/\/gobiker.es\/de\/wp-json\/wp\/v2\/users\/4"}],"replies":[{"embeddable":true,"href":"https:\/\/gobiker.es\/de\/wp-json\/wp\/v2\/comments?post=1142"}],"version-history":[{"count":5,"href":"https:\/\/gobiker.es\/de\/wp-json\/wp\/v2\/pages\/1142\/revisions"}],"predecessor-version":[{"id":1538,"href":"https:\/\/gobiker.es\/de\/wp-json\/wp\/v2\/pages\/1142\/revisions\/1538"}],"wp:attachment":[{"href":"https:\/\/gobiker.es\/de\/wp-json\/wp\/v2\/media?parent=1142"}],"curies":[{"name":"wp","href":"https:\/\/api.w.org\/{rel}","templated":true}]}}