{"id":1218,"date":"2020-03-08T22:04:29","date_gmt":"2020-03-08T21:04:29","guid":{"rendered":"http:\/\/gobiker.es\/consentimiento-para-el-tratamiento-de-datos-personales\/"},"modified":"2020-09-26T18:13:26","modified_gmt":"2020-09-26T16:13:26","slug":"gdpr","status":"publish","type":"page","link":"https:\/\/gobiker.es\/de\/gdpr\/","title":{"rendered":"Gdpr"},"content":{"rendered":"<div class=\"fusion-fullwidth fullwidth-box fusion-builder-row-1 nonhundred-percent-fullwidth non-hundred-percent-height-scrolling\" style=\"--awb-border-radius-top-left:0px;--awb-border-radius-top-right:0px;--awb-border-radius-bottom-right:0px;--awb-border-radius-bottom-left:0px;--awb-padding-top:5vw;--awb-padding-right:30px;--awb-padding-bottom:5vw;--awb-padding-left:30px;--awb-flex-wrap:wrap;\" ><div class=\"fusion-builder-row fusion-row\"><div class=\"fusion-layout-column fusion_builder_column fusion-builder-column-0 fusion_builder_column_1_1 1_1 fusion-one-full fusion-column-first fusion-column-last\" style=\"--awb-bg-size:cover;\"><div class=\"fusion-column-wrapper fusion-flex-column-wrapper-legacy\"><div class=\"fusion-text fusion-text-1\"><p style=\"text-align: center;\"><strong>CONSENTIMIENTO PARA EL TRATAMIENTO DE DATOS PERSONALES<br \/>\n<\/strong><\/p>\n<p><strong>OKORU GLOBAL SLU<\/strong>\u00a0es el Responsable del tratamiento de los datos personales del Usuario y le informa de que estos datos se tratar\u00e1n de conformidad con lo dispuesto en el Reglamento (UE) 2016\/679, de 27 de abril (GDPR), y la Ley Org\u00e1nica 3\/2018, de 5 de diciembre (LOPDGDD), por lo que se le facilita la siguiente informaci\u00f3n del tratamiento:<\/p>\n<p><strong>Fines y legitimaci\u00f3n del tratamiento<\/strong>: mantener una relaci\u00f3n comercial (por inter\u00e9s leg\u00edtimo del responsable, art. 6.1.f GDPR) y env\u00edo de comunicaciones de productos o servicios (con el consentimiento del interesado, art. 6.1.a GDPR).<\/p>\n<p><strong>Criterios de conservaci\u00f3n de los datos<\/strong>: se conservar\u00e1n durante no m\u00e1s tiempo del necesario para mantener el fin del tratamiento o existan prescripciones legales que dictaminen su custodia y cuando ya no sea necesario para ello, se suprimir\u00e1n con medidas de seguridad adecuadas para garantizar la anonimizaci\u00f3n de los datos o la destrucci\u00f3n total de los mismos.<\/p>\n<p><strong>Comunicaci\u00f3n de los datos<\/strong>: no se comunicar\u00e1n los datos a terceros, salvo obligaci\u00f3n legal.<\/p>\n<p><strong>Derechos que asisten al Usuario:<\/strong><\/p>\n<ul>\n<li>Derecho a retirar el consentimiento en cualquier momento.<\/li>\n<li>Derecho de acceso, rectificaci\u00f3n, portabilidad y supresi\u00f3n de sus datos, y de limitaci\u00f3n u oposici\u00f3n a su tratamiento.<\/li>\n<li>Derecho a presentar una reclamaci\u00f3n ante la Autoridad de control (www.aepd.es) si considera que el tratamiento no se ajusta a la normativa vigente.<\/li>\n<\/ul>\n<p><strong>Datos de contacto para ejercer sus derechos:<\/strong><\/p>\n<p>OKORU GLOBAL SLU. POL\u00cdGONO INDUSTRIAL DE BARROS, 29 &#8211; 39408 BARROS (Cantabria) &#8211; ESPA\u00d1A. Email: <a href=\"mailto:administracion@okoru.es\">administracion@okoru.es<\/a><\/p>\n<p>&nbsp;<\/p>\n<\/div><div class=\"fusion-clearfix\"><\/div><\/div><\/div><\/div><\/div>\n","protected":false},"excerpt":{"rendered":"","protected":false},"author":4,"featured_media":0,"parent":0,"menu_order":0,"comment_status":"closed","ping_status":"closed","template":"100-width.php","meta":{"_acf_changed":false,"footnotes":""},"class_list":["post-1218","page","type-page","status-publish","hentry"],"acf":[],"yoast_head":"<!-- This site is optimized with the Yoast SEO plugin v27.1.1 - https:\/\/yoast.com\/product\/yoast-seo-wordpress\/ -->\n<title>Gdpr | Gobikeronline<\/title>\n<meta name=\"robots\" content=\"index, follow, max-snippet:-1, max-image-preview:large, max-video-preview:-1\" \/>\n<link rel=\"canonical\" href=\"https:\/\/gobiker.es\/de\/gdpr\/\" \/>\n<script type=\"application\/ld+json\" class=\"yoast-schema-graph\">{\"@context\":\"https:\/\/schema.org\",\"@graph\":[{\"@type\":\"WebPage\",\"@id\":\"https:\/\/gobiker.es\/de\/gdpr\/\",\"url\":\"https:\/\/gobiker.es\/de\/gdpr\/\",\"name\":\"Gdpr | Gobikeronline\",\"isPartOf\":{\"@id\":\"https:\/\/gobiker.es\/de\/#website\"},\"datePublished\":\"2020-03-08T21:04:29+00:00\",\"dateModified\":\"2020-09-26T16:13:26+00:00\",\"breadcrumb\":{\"@id\":\"https:\/\/gobiker.es\/de\/gdpr\/#breadcrumb\"},\"inLanguage\":\"de\",\"potentialAction\":[{\"@type\":\"ReadAction\",\"target\":[\"https:\/\/gobiker.es\/de\/gdpr\/\"]}]},{\"@type\":\"BreadcrumbList\",\"@id\":\"https:\/\/gobiker.es\/de\/gdpr\/#breadcrumb\",\"itemListElement\":[{\"@type\":\"ListItem\",\"position\":1,\"name\":\"Portada\",\"item\":\"https:\/\/gobiker.es\/de\/\"},{\"@type\":\"ListItem\",\"position\":2,\"name\":\"Gdpr\"}]},{\"@type\":\"WebSite\",\"@id\":\"https:\/\/gobiker.es\/de\/#website\",\"url\":\"https:\/\/gobiker.es\/de\/\",\"name\":\"Go Biker\",\"description\":\"Expertos en portabicicletas\",\"potentialAction\":[{\"@type\":\"SearchAction\",\"target\":{\"@type\":\"EntryPoint\",\"urlTemplate\":\"https:\/\/gobiker.es\/de\/?s={search_term_string}\"},\"query-input\":{\"@type\":\"PropertyValueSpecification\",\"valueRequired\":true,\"valueName\":\"search_term_string\"}}],\"inLanguage\":\"de\"}]}<\/script>\n<!-- \/ Yoast SEO plugin. -->","yoast_head_json":{"title":"Gdpr | Gobikeronline","robots":{"index":"index","follow":"follow","max-snippet":"max-snippet:-1","max-image-preview":"max-image-preview:large","max-video-preview":"max-video-preview:-1"},"canonical":"https:\/\/gobiker.es\/de\/gdpr\/","schema":{"@context":"https:\/\/schema.org","@graph":[{"@type":"WebPage","@id":"https:\/\/gobiker.es\/de\/gdpr\/","url":"https:\/\/gobiker.es\/de\/gdpr\/","name":"Gdpr | Gobikeronline","isPartOf":{"@id":"https:\/\/gobiker.es\/de\/#website"},"datePublished":"2020-03-08T21:04:29+00:00","dateModified":"2020-09-26T16:13:26+00:00","breadcrumb":{"@id":"https:\/\/gobiker.es\/de\/gdpr\/#breadcrumb"},"inLanguage":"de","potentialAction":[{"@type":"ReadAction","target":["https:\/\/gobiker.es\/de\/gdpr\/"]}]},{"@type":"BreadcrumbList","@id":"https:\/\/gobiker.es\/de\/gdpr\/#breadcrumb","itemListElement":[{"@type":"ListItem","position":1,"name":"Portada","item":"https:\/\/gobiker.es\/de\/"},{"@type":"ListItem","position":2,"name":"Gdpr"}]},{"@type":"WebSite","@id":"https:\/\/gobiker.es\/de\/#website","url":"https:\/\/gobiker.es\/de\/","name":"Go Biker","description":"Expertos en portabicicletas","potentialAction":[{"@type":"SearchAction","target":{"@type":"EntryPoint","urlTemplate":"https:\/\/gobiker.es\/de\/?s={search_term_string}"},"query-input":{"@type":"PropertyValueSpecification","valueRequired":true,"valueName":"search_term_string"}}],"inLanguage":"de"}]}},"_links":{"self":[{"href":"https:\/\/gobiker.es\/de\/wp-json\/wp\/v2\/pages\/1218","targetHints":{"allow":["GET"]}}],"collection":[{"href":"https:\/\/gobiker.es\/de\/wp-json\/wp\/v2\/pages"}],"about":[{"href":"https:\/\/gobiker.es\/de\/wp-json\/wp\/v2\/types\/page"}],"author":[{"embeddable":true,"href":"https:\/\/gobiker.es\/de\/wp-json\/wp\/v2\/users\/4"}],"replies":[{"embeddable":true,"href":"https:\/\/gobiker.es\/de\/wp-json\/wp\/v2\/comments?post=1218"}],"version-history":[{"count":3,"href":"https:\/\/gobiker.es\/de\/wp-json\/wp\/v2\/pages\/1218\/revisions"}],"predecessor-version":[{"id":1559,"href":"https:\/\/gobiker.es\/de\/wp-json\/wp\/v2\/pages\/1218\/revisions\/1559"}],"wp:attachment":[{"href":"https:\/\/gobiker.es\/de\/wp-json\/wp\/v2\/media?parent=1218"}],"curies":[{"name":"wp","href":"https:\/\/api.w.org\/{rel}","templated":true}]}}