{"id":1316,"date":"2019-11-19T11:14:04","date_gmt":"2019-11-19T10:14:04","guid":{"rendered":"http:\/\/gobiker.es\/producto\/unkategorisiert\/ranger\/"},"modified":"2022-10-19T02:00:10","modified_gmt":"2022-10-19T00:00:10","slug":"ranger","status":"publish","type":"product","link":"https:\/\/gobiker.es\/de\/producto\/fahrradtraeger\/anhaengerkupplung\/ranger\/","title":{"rendered":"Ranger"},"content":{"rendered":"<div class=\"fusion-fullwidth fullwidth-box fusion-builder-row-1 nonhundred-percent-fullwidth non-hundred-percent-height-scrolling\" style=\"--awb-border-radius-top-left:0px;--awb-border-radius-top-right:0px;--awb-border-radius-bottom-right:0px;--awb-border-radius-bottom-left:0px;--awb-margin-bottom:4vw;--awb-flex-wrap:wrap;\" id=\"contenedorDescripcionProducto\" ><div class=\"fusion-builder-row fusion-row\"><div class=\"fusion-layout-column fusion_builder_column fusion-builder-column-0 fusion_builder_column_1_1 1_1 fusion-one-full fusion-column-first fusion-column-last\" style=\"--awb-bg-size:cover;\"><div class=\"fusion-column-wrapper fusion-flex-column-wrapper-legacy\"><div class=\"fusion-title title fusion-title-1 fusion-sep-none fusion-title-center fusion-title-text fusion-title-size-one tituloH1Apartado\" style=\"--awb-text-color:#798a47;--awb-font-size:6rem;\"><h1 class=\"fusion-title-heading title-heading-center\" style=\"margin:0;font-size:1em;\"><h1>RANGER &#8211; Anh\u00e4ngerkupplungsfahrradtr\u00e4ger<\/h1><\/h1><\/div><div class=\"fusion-text fusion-text-1 textoEditorCategoria\"><p><span style=\"font-weight: 400;\">Neuer Gobiker Ranger Fahrradtr\u00e4ger!<\/span><\/p>\n<p><span style=\"font-weight: 400;\">Kapazit\u00e4t f\u00fcr 3 Fahrr\u00e4der, Schnellverschlussgurte und bequeme und sichere bewegliche Arme zur optimalen Befestigung von Fahrr\u00e4dern. Dar\u00fcber hinaus verf\u00fcgt es \u00fcber hochsichere Diebstahlsicherungssysteme, sowohl f\u00fcr den Fahrradtr\u00e4ger als auch f\u00fcr die Fahrr\u00e4der. Elektrokit und erneuerte Lampen, neue Materialien und Design, kompatibel mit den meisten europ\u00e4ischen Fahrzeugen.<\/span><\/p>\n<\/div><div class=\"fusion-clearfix\"><\/div><\/div><\/div><\/div><\/div>\n","protected":false},"excerpt":{"rendered":"<p>Kompakter und benutzerfreundlicher Anh\u00e4ngerkupplungsfahrradtr\u00e4ger f\u00fcr alle Arten von Fahrr\u00e4dern. Kapazit\u00e4t f\u00fcr 3 Fahrr\u00e4der von jeweils bis zu 15 kg.<\/p>\n","protected":false},"featured_media":1326,"comment_status":"closed","ping_status":"closed","template":"","meta":{"_acf_changed":false},"product_brand":[],"product_cat":[97,98],"product_tag":[],"class_list":{"0":"post-1316","1":"product","2":"type-product","3":"status-publish","4":"has-post-thumbnail","6":"product_cat-anhaengerkupplung","7":"product_cat-fahrradtraeger","9":"first","10":"instock","11":"shipping-taxable","12":"product-type-simple"},"acf":[],"yoast_head":"<!-- This site is optimized with the Yoast SEO plugin v27.1.1 - https:\/\/yoast.com\/product\/yoast-seo-wordpress\/ -->\n<title>Porta bicicletas de enganche - Ranger | Gobikeronline<\/title>\n<meta name=\"description\" content=\"Portabicicletas para bola de remolque compacto y f\u00e1cil de usar, para todo tipo de bicicletas. Capacidad 3 bicicletas de hasta 15kg cada una.\" \/>\n<meta name=\"robots\" content=\"index, follow, max-snippet:-1, max-image-preview:large, max-video-preview:-1\" \/>\n<link rel=\"canonical\" href=\"https:\/\/gobiker.es\/de\/producto\/fahrradtraeger\/anhaengerkupplung\/ranger\/\" \/>\n<script type=\"application\/ld+json\" class=\"yoast-schema-graph\">{\"@context\":\"https:\/\/schema.org\",\"@graph\":[{\"@type\":\"WebPage\",\"@id\":\"https:\/\/gobiker.es\/de\/producto\/fahrradtraeger\/anhaengerkupplung\/ranger\/\",\"url\":\"https:\/\/gobiker.es\/de\/producto\/fahrradtraeger\/anhaengerkupplung\/ranger\/\",\"name\":\"Porta bicicletas de enganche - Ranger | Gobikeronline\",\"isPartOf\":{\"@id\":\"https:\/\/gobiker.es\/de\/#website\"},\"primaryImageOfPage\":{\"@id\":\"https:\/\/gobiker.es\/de\/producto\/fahrradtraeger\/anhaengerkupplung\/ranger\/#primaryimage\"},\"image\":{\"@id\":\"https:\/\/gobiker.es\/de\/producto\/fahrradtraeger\/anhaengerkupplung\/ranger\/#primaryimage\"},\"thumbnailUrl\":\"https:\/\/gobiker.es\/wp-content\/uploads\/2019\/11\/Ranger_cuadrado.jpg\",\"datePublished\":\"2019-11-19T10:14:04+00:00\",\"dateModified\":\"2022-10-19T00:00:10+00:00\",\"description\":\"Portabicicletas para bola de remolque compacto y f\u00e1cil de usar, para todo tipo de bicicletas. Capacidad 3 bicicletas de hasta 15kg cada una.\",\"breadcrumb\":{\"@id\":\"https:\/\/gobiker.es\/de\/producto\/fahrradtraeger\/anhaengerkupplung\/ranger\/#breadcrumb\"},\"inLanguage\":\"de\",\"potentialAction\":[{\"@type\":\"ReadAction\",\"target\":[\"https:\/\/gobiker.es\/de\/producto\/fahrradtraeger\/anhaengerkupplung\/ranger\/\"]}]},{\"@type\":\"ImageObject\",\"inLanguage\":\"de\",\"@id\":\"https:\/\/gobiker.es\/de\/producto\/fahrradtraeger\/anhaengerkupplung\/ranger\/#primaryimage\",\"url\":\"https:\/\/gobiker.es\/wp-content\/uploads\/2019\/11\/Ranger_cuadrado.jpg\",\"contentUrl\":\"https:\/\/gobiker.es\/wp-content\/uploads\/2019\/11\/Ranger_cuadrado.jpg\",\"width\":1500,\"height\":1500},{\"@type\":\"BreadcrumbList\",\"@id\":\"https:\/\/gobiker.es\/de\/producto\/fahrradtraeger\/anhaengerkupplung\/ranger\/#breadcrumb\",\"itemListElement\":[{\"@type\":\"ListItem\",\"position\":1,\"name\":\"Portada\",\"item\":\"https:\/\/gobiker.es\/de\/\"},{\"@type\":\"ListItem\",\"position\":2,\"name\":\"Gesch\u00e4ft\",\"item\":\"https:\/\/gobiker.es\/de\/geschaeft\/\"},{\"@type\":\"ListItem\",\"position\":3,\"name\":\"Ranger\"}]},{\"@type\":\"WebSite\",\"@id\":\"https:\/\/gobiker.es\/de\/#website\",\"url\":\"https:\/\/gobiker.es\/de\/\",\"name\":\"Go Biker\",\"description\":\"Expertos en portabicicletas\",\"potentialAction\":[{\"@type\":\"SearchAction\",\"target\":{\"@type\":\"EntryPoint\",\"urlTemplate\":\"https:\/\/gobiker.es\/de\/?s={search_term_string}\"},\"query-input\":{\"@type\":\"PropertyValueSpecification\",\"valueRequired\":true,\"valueName\":\"search_term_string\"}}],\"inLanguage\":\"de\"}]}<\/script>\n<!-- \/ Yoast SEO plugin. -->","yoast_head_json":{"title":"Porta bicicletas de enganche - Ranger | Gobikeronline","description":"Portabicicletas para bola de remolque compacto y f\u00e1cil de usar, para todo tipo de bicicletas. Capacidad 3 bicicletas de hasta 15kg cada una.","robots":{"index":"index","follow":"follow","max-snippet":"max-snippet:-1","max-image-preview":"max-image-preview:large","max-video-preview":"max-video-preview:-1"},"canonical":"https:\/\/gobiker.es\/de\/producto\/fahrradtraeger\/anhaengerkupplung\/ranger\/","schema":{"@context":"https:\/\/schema.org","@graph":[{"@type":"WebPage","@id":"https:\/\/gobiker.es\/de\/producto\/fahrradtraeger\/anhaengerkupplung\/ranger\/","url":"https:\/\/gobiker.es\/de\/producto\/fahrradtraeger\/anhaengerkupplung\/ranger\/","name":"Porta bicicletas de enganche - Ranger | Gobikeronline","isPartOf":{"@id":"https:\/\/gobiker.es\/de\/#website"},"primaryImageOfPage":{"@id":"https:\/\/gobiker.es\/de\/producto\/fahrradtraeger\/anhaengerkupplung\/ranger\/#primaryimage"},"image":{"@id":"https:\/\/gobiker.es\/de\/producto\/fahrradtraeger\/anhaengerkupplung\/ranger\/#primaryimage"},"thumbnailUrl":"https:\/\/gobiker.es\/wp-content\/uploads\/2019\/11\/Ranger_cuadrado.jpg","datePublished":"2019-11-19T10:14:04+00:00","dateModified":"2022-10-19T00:00:10+00:00","description":"Portabicicletas para bola de remolque compacto y f\u00e1cil de usar, para todo tipo de bicicletas. Capacidad 3 bicicletas de hasta 15kg cada una.","breadcrumb":{"@id":"https:\/\/gobiker.es\/de\/producto\/fahrradtraeger\/anhaengerkupplung\/ranger\/#breadcrumb"},"inLanguage":"de","potentialAction":[{"@type":"ReadAction","target":["https:\/\/gobiker.es\/de\/producto\/fahrradtraeger\/anhaengerkupplung\/ranger\/"]}]},{"@type":"ImageObject","inLanguage":"de","@id":"https:\/\/gobiker.es\/de\/producto\/fahrradtraeger\/anhaengerkupplung\/ranger\/#primaryimage","url":"https:\/\/gobiker.es\/wp-content\/uploads\/2019\/11\/Ranger_cuadrado.jpg","contentUrl":"https:\/\/gobiker.es\/wp-content\/uploads\/2019\/11\/Ranger_cuadrado.jpg","width":1500,"height":1500},{"@type":"BreadcrumbList","@id":"https:\/\/gobiker.es\/de\/producto\/fahrradtraeger\/anhaengerkupplung\/ranger\/#breadcrumb","itemListElement":[{"@type":"ListItem","position":1,"name":"Portada","item":"https:\/\/gobiker.es\/de\/"},{"@type":"ListItem","position":2,"name":"Gesch\u00e4ft","item":"https:\/\/gobiker.es\/de\/geschaeft\/"},{"@type":"ListItem","position":3,"name":"Ranger"}]},{"@type":"WebSite","@id":"https:\/\/gobiker.es\/de\/#website","url":"https:\/\/gobiker.es\/de\/","name":"Go Biker","description":"Expertos en portabicicletas","potentialAction":[{"@type":"SearchAction","target":{"@type":"EntryPoint","urlTemplate":"https:\/\/gobiker.es\/de\/?s={search_term_string}"},"query-input":{"@type":"PropertyValueSpecification","valueRequired":true,"valueName":"search_term_string"}}],"inLanguage":"de"}]}},"_links":{"self":[{"href":"https:\/\/gobiker.es\/de\/wp-json\/wp\/v2\/product\/1316","targetHints":{"allow":["GET"]}}],"collection":[{"href":"https:\/\/gobiker.es\/de\/wp-json\/wp\/v2\/product"}],"about":[{"href":"https:\/\/gobiker.es\/de\/wp-json\/wp\/v2\/types\/product"}],"replies":[{"embeddable":true,"href":"https:\/\/gobiker.es\/de\/wp-json\/wp\/v2\/comments?post=1316"}],"wp:featuredmedia":[{"embeddable":true,"href":"https:\/\/gobiker.es\/de\/wp-json\/wp\/v2\/media\/1326"}],"wp:attachment":[{"href":"https:\/\/gobiker.es\/de\/wp-json\/wp\/v2\/media?parent=1316"}],"wp:term":[{"taxonomy":"product_brand","embeddable":true,"href":"https:\/\/gobiker.es\/de\/wp-json\/wp\/v2\/product_brand?post=1316"},{"taxonomy":"product_cat","embeddable":true,"href":"https:\/\/gobiker.es\/de\/wp-json\/wp\/v2\/product_cat?post=1316"},{"taxonomy":"product_tag","embeddable":true,"href":"https:\/\/gobiker.es\/de\/wp-json\/wp\/v2\/product_tag?post=1316"}],"curies":[{"name":"wp","href":"https:\/\/api.w.org\/{rel}","templated":true}]}}