{"id":1337,"date":"2019-05-15T14:04:34","date_gmt":"2019-05-15T12:04:34","guid":{"rendered":"http:\/\/gobiker.es\/producto\/unkategorisiert\/speed\/"},"modified":"2022-10-19T01:55:30","modified_gmt":"2022-10-18T23:55:30","slug":"speed","status":"publish","type":"product","link":"https:\/\/gobiker.es\/de\/producto\/fahrradtraeger\/anhaengerkupplung\/speed\/","title":{"rendered":"Speed"},"content":{"rendered":"<div class=\"fusion-fullwidth fullwidth-box fusion-builder-row-1 nonhundred-percent-fullwidth non-hundred-percent-height-scrolling\" style=\"--awb-border-radius-top-left:0px;--awb-border-radius-top-right:0px;--awb-border-radius-bottom-right:0px;--awb-border-radius-bottom-left:0px;--awb-margin-bottom:4vw;--awb-flex-wrap:wrap;\" id=\"contenedorDescripcionProducto\" ><div class=\"fusion-builder-row fusion-row\"><div class=\"fusion-layout-column fusion_builder_column fusion-builder-column-0 fusion_builder_column_1_1 1_1 fusion-one-full fusion-column-first fusion-column-last\" style=\"--awb-bg-size:cover;\"><div class=\"fusion-column-wrapper fusion-flex-column-wrapper-legacy\"><div class=\"fusion-title title fusion-title-1 fusion-sep-none fusion-title-center fusion-title-text fusion-title-size-one tituloH1Apartado\" style=\"--awb-text-color:#798a47;--awb-font-size:6rem;\"><h1 class=\"fusion-title-heading title-heading-center\" style=\"margin:0;font-size:1em;\"><h1>SPEED &#8211; Anh\u00e4ngerkupplungsfahrradtr\u00e4ger<\/h1><\/h1><\/div><div class=\"fusion-text fusion-text-1 textoEditorCategoria\"><p><span style=\"font-weight: 400;\">Der kompletteste Fahrradtr\u00e4ger auf dem Markt hei\u00dft Gobiker Speed.<\/span><\/p>\n<p>Dieser neue Fahrradtr\u00e4ger verf\u00fcgt \u00fcber ein doppeltes Sicherheitsschloss sowohl f\u00fcr den Fahrradtr\u00e4ger als auch f\u00fcr Ihre Fahrr\u00e4der, eine Kapazit\u00e4t f\u00fcr 3 Fahrr\u00e4der, Schnellverschlussgurte und bewegliche Arme f\u00fcr eine optimale Fahrradfixierung. Dar\u00fcber hinaus ist das leichte Aluminiumdesign faltbar und kippbar, was den t\u00e4glichen Gebrauch viel einfacher und komfortabler macht.<\/p>\n<p>Genie\u00dfen Sie das Fahrrad wie nie zuvor mit dem Modell Gobiker Speed<\/p>\n<p>&nbsp;<\/p>\n<\/div><div class=\"fusion-clearfix\"><\/div><\/div><\/div><\/div><\/div>\n","protected":false},"excerpt":{"rendered":"<p>Voll faltbarer, kompakter und benutzerfreundlicher Anh\u00e4ngerkupplungsfahrradtr\u00e4ger f\u00fcr alle Arten von Fahrr\u00e4dern. Kapazit\u00e4t 3 Fahrr\u00e4der.<\/p>\n","protected":false},"featured_media":1343,"comment_status":"closed","ping_status":"closed","template":"","meta":{"_acf_changed":false},"product_brand":[],"product_cat":[97,98],"product_tag":[],"class_list":{"0":"post-1337","1":"product","2":"type-product","3":"status-publish","4":"has-post-thumbnail","6":"product_cat-anhaengerkupplung","7":"product_cat-fahrradtraeger","9":"first","10":"instock","11":"shipping-taxable","12":"product-type-simple"},"acf":[],"yoast_head":"<!-- This site is optimized with the Yoast SEO plugin v27.1.1 - https:\/\/yoast.com\/product\/yoast-seo-wordpress\/ -->\n<title>Porta bicicletas de enganche - Speed | Gobikeronline<\/title>\n<meta name=\"description\" content=\"Porta bicicletas de enganche. El portabicicletas m\u00e1s y mejor completo del mercado se llama GOBIKER SPEED. Compra gobikeronline.\" \/>\n<meta name=\"robots\" content=\"index, follow, max-snippet:-1, max-image-preview:large, max-video-preview:-1\" \/>\n<link rel=\"canonical\" href=\"https:\/\/gobiker.es\/de\/producto\/fahrradtraeger\/anhaengerkupplung\/speed\/\" \/>\n<script type=\"application\/ld+json\" class=\"yoast-schema-graph\">{\"@context\":\"https:\/\/schema.org\",\"@graph\":[{\"@type\":\"WebPage\",\"@id\":\"https:\/\/gobiker.es\/de\/producto\/fahrradtraeger\/anhaengerkupplung\/speed\/\",\"url\":\"https:\/\/gobiker.es\/de\/producto\/fahrradtraeger\/anhaengerkupplung\/speed\/\",\"name\":\"Porta bicicletas de enganche - Speed | Gobikeronline\",\"isPartOf\":{\"@id\":\"https:\/\/gobiker.es\/de\/#website\"},\"primaryImageOfPage\":{\"@id\":\"https:\/\/gobiker.es\/de\/producto\/fahrradtraeger\/anhaengerkupplung\/speed\/#primaryimage\"},\"image\":{\"@id\":\"https:\/\/gobiker.es\/de\/producto\/fahrradtraeger\/anhaengerkupplung\/speed\/#primaryimage\"},\"thumbnailUrl\":\"https:\/\/gobiker.es\/wp-content\/uploads\/2019\/05\/Speed_cuadrado.jpg\",\"datePublished\":\"2019-05-15T12:04:34+00:00\",\"dateModified\":\"2022-10-18T23:55:30+00:00\",\"description\":\"Porta bicicletas de enganche. El portabicicletas m\u00e1s y mejor completo del mercado se llama GOBIKER SPEED. Compra gobikeronline.\",\"breadcrumb\":{\"@id\":\"https:\/\/gobiker.es\/de\/producto\/fahrradtraeger\/anhaengerkupplung\/speed\/#breadcrumb\"},\"inLanguage\":\"de\",\"potentialAction\":[{\"@type\":\"ReadAction\",\"target\":[\"https:\/\/gobiker.es\/de\/producto\/fahrradtraeger\/anhaengerkupplung\/speed\/\"]}]},{\"@type\":\"ImageObject\",\"inLanguage\":\"de\",\"@id\":\"https:\/\/gobiker.es\/de\/producto\/fahrradtraeger\/anhaengerkupplung\/speed\/#primaryimage\",\"url\":\"https:\/\/gobiker.es\/wp-content\/uploads\/2019\/05\/Speed_cuadrado.jpg\",\"contentUrl\":\"https:\/\/gobiker.es\/wp-content\/uploads\/2019\/05\/Speed_cuadrado.jpg\",\"width\":1500,\"height\":1500},{\"@type\":\"BreadcrumbList\",\"@id\":\"https:\/\/gobiker.es\/de\/producto\/fahrradtraeger\/anhaengerkupplung\/speed\/#breadcrumb\",\"itemListElement\":[{\"@type\":\"ListItem\",\"position\":1,\"name\":\"Portada\",\"item\":\"https:\/\/gobiker.es\/de\/\"},{\"@type\":\"ListItem\",\"position\":2,\"name\":\"Gesch\u00e4ft\",\"item\":\"https:\/\/gobiker.es\/de\/geschaeft\/\"},{\"@type\":\"ListItem\",\"position\":3,\"name\":\"Speed\"}]},{\"@type\":\"WebSite\",\"@id\":\"https:\/\/gobiker.es\/de\/#website\",\"url\":\"https:\/\/gobiker.es\/de\/\",\"name\":\"Go Biker\",\"description\":\"Expertos en portabicicletas\",\"potentialAction\":[{\"@type\":\"SearchAction\",\"target\":{\"@type\":\"EntryPoint\",\"urlTemplate\":\"https:\/\/gobiker.es\/de\/?s={search_term_string}\"},\"query-input\":{\"@type\":\"PropertyValueSpecification\",\"valueRequired\":true,\"valueName\":\"search_term_string\"}}],\"inLanguage\":\"de\"}]}<\/script>\n<!-- \/ Yoast SEO plugin. -->","yoast_head_json":{"title":"Porta bicicletas de enganche - Speed | Gobikeronline","description":"Porta bicicletas de enganche. El portabicicletas m\u00e1s y mejor completo del mercado se llama GOBIKER SPEED. Compra gobikeronline.","robots":{"index":"index","follow":"follow","max-snippet":"max-snippet:-1","max-image-preview":"max-image-preview:large","max-video-preview":"max-video-preview:-1"},"canonical":"https:\/\/gobiker.es\/de\/producto\/fahrradtraeger\/anhaengerkupplung\/speed\/","schema":{"@context":"https:\/\/schema.org","@graph":[{"@type":"WebPage","@id":"https:\/\/gobiker.es\/de\/producto\/fahrradtraeger\/anhaengerkupplung\/speed\/","url":"https:\/\/gobiker.es\/de\/producto\/fahrradtraeger\/anhaengerkupplung\/speed\/","name":"Porta bicicletas de enganche - Speed | Gobikeronline","isPartOf":{"@id":"https:\/\/gobiker.es\/de\/#website"},"primaryImageOfPage":{"@id":"https:\/\/gobiker.es\/de\/producto\/fahrradtraeger\/anhaengerkupplung\/speed\/#primaryimage"},"image":{"@id":"https:\/\/gobiker.es\/de\/producto\/fahrradtraeger\/anhaengerkupplung\/speed\/#primaryimage"},"thumbnailUrl":"https:\/\/gobiker.es\/wp-content\/uploads\/2019\/05\/Speed_cuadrado.jpg","datePublished":"2019-05-15T12:04:34+00:00","dateModified":"2022-10-18T23:55:30+00:00","description":"Porta bicicletas de enganche. El portabicicletas m\u00e1s y mejor completo del mercado se llama GOBIKER SPEED. Compra gobikeronline.","breadcrumb":{"@id":"https:\/\/gobiker.es\/de\/producto\/fahrradtraeger\/anhaengerkupplung\/speed\/#breadcrumb"},"inLanguage":"de","potentialAction":[{"@type":"ReadAction","target":["https:\/\/gobiker.es\/de\/producto\/fahrradtraeger\/anhaengerkupplung\/speed\/"]}]},{"@type":"ImageObject","inLanguage":"de","@id":"https:\/\/gobiker.es\/de\/producto\/fahrradtraeger\/anhaengerkupplung\/speed\/#primaryimage","url":"https:\/\/gobiker.es\/wp-content\/uploads\/2019\/05\/Speed_cuadrado.jpg","contentUrl":"https:\/\/gobiker.es\/wp-content\/uploads\/2019\/05\/Speed_cuadrado.jpg","width":1500,"height":1500},{"@type":"BreadcrumbList","@id":"https:\/\/gobiker.es\/de\/producto\/fahrradtraeger\/anhaengerkupplung\/speed\/#breadcrumb","itemListElement":[{"@type":"ListItem","position":1,"name":"Portada","item":"https:\/\/gobiker.es\/de\/"},{"@type":"ListItem","position":2,"name":"Gesch\u00e4ft","item":"https:\/\/gobiker.es\/de\/geschaeft\/"},{"@type":"ListItem","position":3,"name":"Speed"}]},{"@type":"WebSite","@id":"https:\/\/gobiker.es\/de\/#website","url":"https:\/\/gobiker.es\/de\/","name":"Go Biker","description":"Expertos en portabicicletas","potentialAction":[{"@type":"SearchAction","target":{"@type":"EntryPoint","urlTemplate":"https:\/\/gobiker.es\/de\/?s={search_term_string}"},"query-input":{"@type":"PropertyValueSpecification","valueRequired":true,"valueName":"search_term_string"}}],"inLanguage":"de"}]}},"_links":{"self":[{"href":"https:\/\/gobiker.es\/de\/wp-json\/wp\/v2\/product\/1337","targetHints":{"allow":["GET"]}}],"collection":[{"href":"https:\/\/gobiker.es\/de\/wp-json\/wp\/v2\/product"}],"about":[{"href":"https:\/\/gobiker.es\/de\/wp-json\/wp\/v2\/types\/product"}],"replies":[{"embeddable":true,"href":"https:\/\/gobiker.es\/de\/wp-json\/wp\/v2\/comments?post=1337"}],"wp:featuredmedia":[{"embeddable":true,"href":"https:\/\/gobiker.es\/de\/wp-json\/wp\/v2\/media\/1343"}],"wp:attachment":[{"href":"https:\/\/gobiker.es\/de\/wp-json\/wp\/v2\/media?parent=1337"}],"wp:term":[{"taxonomy":"product_brand","embeddable":true,"href":"https:\/\/gobiker.es\/de\/wp-json\/wp\/v2\/product_brand?post=1337"},{"taxonomy":"product_cat","embeddable":true,"href":"https:\/\/gobiker.es\/de\/wp-json\/wp\/v2\/product_cat?post=1337"},{"taxonomy":"product_tag","embeddable":true,"href":"https:\/\/gobiker.es\/de\/wp-json\/wp\/v2\/product_tag?post=1337"}],"curies":[{"name":"wp","href":"https:\/\/api.w.org\/{rel}","templated":true}]}}