{"id":1351,"date":"2019-05-15T14:02:08","date_gmt":"2019-05-15T12:02:08","guid":{"rendered":"http:\/\/gobiker.es\/producto\/unkategorisiert\/easy-v3\/"},"modified":"2022-10-19T02:07:49","modified_gmt":"2022-10-19T00:07:49","slug":"easy-v3","status":"publish","type":"product","link":"https:\/\/gobiker.es\/de\/producto\/fahrradtraeger\/heck\/easy-v3\/","title":{"rendered":"Easy V3+"},"content":{"rendered":"<div class=\"fusion-fullwidth fullwidth-box fusion-builder-row-1 nonhundred-percent-fullwidth non-hundred-percent-height-scrolling\" style=\"--awb-border-radius-top-left:0px;--awb-border-radius-top-right:0px;--awb-border-radius-bottom-right:0px;--awb-border-radius-bottom-left:0px;--awb-margin-bottom:4vw;--awb-flex-wrap:wrap;\" id=\"contenedorDescripcionProducto\" ><div class=\"fusion-builder-row fusion-row\"><div class=\"fusion-layout-column fusion_builder_column fusion-builder-column-0 fusion_builder_column_1_1 1_1 fusion-one-full fusion-column-first fusion-column-last\" style=\"--awb-bg-size:cover;\"><div class=\"fusion-column-wrapper fusion-flex-column-wrapper-legacy\"><div class=\"fusion-title title fusion-title-1 fusion-sep-none fusion-title-center fusion-title-text fusion-title-size-one tituloH1Apartado\" style=\"--awb-text-color:#798a47;--awb-font-size:6rem;\"><h1 class=\"fusion-title-heading title-heading-center\" style=\"margin:0;font-size:1em;\"><h1>EASY V3 MAX &#8211; Heckfahrradtr\u00e4ger<\/h1><\/h1><\/div><div class=\"fusion-text fusion-text-1 textoEditorCategoria\"><p>Der g\u00fcnstige Fahrradtr\u00e4ger f\u00fcr die anspruchsvollsten. Genau das haben wir mit diesem Modell gesucht und wir haben es dank des Easy V3 + Modells erreicht. Seine Tragf\u00e4higkeit f\u00fcr 3 Fahrr\u00e4der, verstellbare Schl\u00f6sser und der klappbare Stahlrahmen machen es zu einem praktischen und funktionalen Modell f\u00fcr Abenteurer, Amateure und Anf\u00e4nger in der Fahrradwelt.<\/p>\n<p>Alles, was Sie gesucht haben, existiert bereits und hat einen Namen: Easy V3 +.<\/p>\n<p>Ideal f\u00fcr; gelegentliche Kurzurlaube in jedem Gel\u00e4nde und Transport von Mountainbikes und Rennr\u00e4dern.<\/p>\n<\/div><div class=\"fusion-clearfix\"><\/div><\/div><\/div><\/div><\/div>\n","protected":false},"excerpt":{"rendered":"<p>Kompakter Heckfahrradtr\u00e4ger.Bis zu 3 Fahrr\u00e4der. Maximale Befestigung<\/p>\n","protected":false},"featured_media":1357,"comment_status":"closed","ping_status":"closed","template":"","meta":{"_acf_changed":false},"product_brand":[],"product_cat":[98,99],"product_tag":[],"class_list":{"0":"post-1351","1":"product","2":"type-product","3":"status-publish","4":"has-post-thumbnail","6":"product_cat-fahrradtraeger","7":"product_cat-heck","9":"first","10":"instock","11":"shipping-taxable","12":"product-type-simple"},"acf":[],"yoast_head":"<!-- This site is optimized with the Yoast SEO plugin v27.1.1 - https:\/\/yoast.com\/product\/yoast-seo-wordpress\/ -->\n<title>Portabicis de port\u00f3n - Easy V3+ | Compra Gobikeronline<\/title>\n<meta name=\"description\" content=\"Portabicis de port\u00f3n. El portabicicletas econ\u00f3mico de los m\u00e1s exigentes. Esto exactamente era lo que busc\u00e1bamos con este modelo.\" \/>\n<meta name=\"robots\" content=\"index, follow, max-snippet:-1, max-image-preview:large, max-video-preview:-1\" \/>\n<link rel=\"canonical\" href=\"https:\/\/gobiker.es\/de\/producto\/fahrradtraeger\/heck\/easy-v3\/\" \/>\n<script type=\"application\/ld+json\" class=\"yoast-schema-graph\">{\"@context\":\"https:\/\/schema.org\",\"@graph\":[{\"@type\":\"WebPage\",\"@id\":\"https:\/\/gobiker.es\/de\/producto\/fahrradtraeger\/heck\/easy-v3\/\",\"url\":\"https:\/\/gobiker.es\/de\/producto\/fahrradtraeger\/heck\/easy-v3\/\",\"name\":\"Portabicis de port\u00f3n - Easy V3+ | Compra Gobikeronline\",\"isPartOf\":{\"@id\":\"https:\/\/gobiker.es\/de\/#website\"},\"primaryImageOfPage\":{\"@id\":\"https:\/\/gobiker.es\/de\/producto\/fahrradtraeger\/heck\/easy-v3\/#primaryimage\"},\"image\":{\"@id\":\"https:\/\/gobiker.es\/de\/producto\/fahrradtraeger\/heck\/easy-v3\/#primaryimage\"},\"thumbnailUrl\":\"https:\/\/gobiker.es\/wp-content\/uploads\/2019\/05\/vmax.jpg\",\"datePublished\":\"2019-05-15T12:02:08+00:00\",\"dateModified\":\"2022-10-19T00:07:49+00:00\",\"description\":\"Portabicis de port\u00f3n. El portabicicletas econ\u00f3mico de los m\u00e1s exigentes. Esto exactamente era lo que busc\u00e1bamos con este modelo.\",\"breadcrumb\":{\"@id\":\"https:\/\/gobiker.es\/de\/producto\/fahrradtraeger\/heck\/easy-v3\/#breadcrumb\"},\"inLanguage\":\"de\",\"potentialAction\":[{\"@type\":\"ReadAction\",\"target\":[\"https:\/\/gobiker.es\/de\/producto\/fahrradtraeger\/heck\/easy-v3\/\"]}]},{\"@type\":\"ImageObject\",\"inLanguage\":\"de\",\"@id\":\"https:\/\/gobiker.es\/de\/producto\/fahrradtraeger\/heck\/easy-v3\/#primaryimage\",\"url\":\"https:\/\/gobiker.es\/wp-content\/uploads\/2019\/05\/vmax.jpg\",\"contentUrl\":\"https:\/\/gobiker.es\/wp-content\/uploads\/2019\/05\/vmax.jpg\",\"width\":1000,\"height\":1000},{\"@type\":\"BreadcrumbList\",\"@id\":\"https:\/\/gobiker.es\/de\/producto\/fahrradtraeger\/heck\/easy-v3\/#breadcrumb\",\"itemListElement\":[{\"@type\":\"ListItem\",\"position\":1,\"name\":\"Portada\",\"item\":\"https:\/\/gobiker.es\/de\/\"},{\"@type\":\"ListItem\",\"position\":2,\"name\":\"Gesch\u00e4ft\",\"item\":\"https:\/\/gobiker.es\/de\/geschaeft\/\"},{\"@type\":\"ListItem\",\"position\":3,\"name\":\"Easy V3+\"}]},{\"@type\":\"WebSite\",\"@id\":\"https:\/\/gobiker.es\/de\/#website\",\"url\":\"https:\/\/gobiker.es\/de\/\",\"name\":\"Go Biker\",\"description\":\"Expertos en portabicicletas\",\"potentialAction\":[{\"@type\":\"SearchAction\",\"target\":{\"@type\":\"EntryPoint\",\"urlTemplate\":\"https:\/\/gobiker.es\/de\/?s={search_term_string}\"},\"query-input\":{\"@type\":\"PropertyValueSpecification\",\"valueRequired\":true,\"valueName\":\"search_term_string\"}}],\"inLanguage\":\"de\"}]}<\/script>\n<!-- \/ Yoast SEO plugin. -->","yoast_head_json":{"title":"Portabicis de port\u00f3n - Easy V3+ | Compra Gobikeronline","description":"Portabicis de port\u00f3n. El portabicicletas econ\u00f3mico de los m\u00e1s exigentes. Esto exactamente era lo que busc\u00e1bamos con este modelo.","robots":{"index":"index","follow":"follow","max-snippet":"max-snippet:-1","max-image-preview":"max-image-preview:large","max-video-preview":"max-video-preview:-1"},"canonical":"https:\/\/gobiker.es\/de\/producto\/fahrradtraeger\/heck\/easy-v3\/","schema":{"@context":"https:\/\/schema.org","@graph":[{"@type":"WebPage","@id":"https:\/\/gobiker.es\/de\/producto\/fahrradtraeger\/heck\/easy-v3\/","url":"https:\/\/gobiker.es\/de\/producto\/fahrradtraeger\/heck\/easy-v3\/","name":"Portabicis de port\u00f3n - Easy V3+ | Compra Gobikeronline","isPartOf":{"@id":"https:\/\/gobiker.es\/de\/#website"},"primaryImageOfPage":{"@id":"https:\/\/gobiker.es\/de\/producto\/fahrradtraeger\/heck\/easy-v3\/#primaryimage"},"image":{"@id":"https:\/\/gobiker.es\/de\/producto\/fahrradtraeger\/heck\/easy-v3\/#primaryimage"},"thumbnailUrl":"https:\/\/gobiker.es\/wp-content\/uploads\/2019\/05\/vmax.jpg","datePublished":"2019-05-15T12:02:08+00:00","dateModified":"2022-10-19T00:07:49+00:00","description":"Portabicis de port\u00f3n. El portabicicletas econ\u00f3mico de los m\u00e1s exigentes. Esto exactamente era lo que busc\u00e1bamos con este modelo.","breadcrumb":{"@id":"https:\/\/gobiker.es\/de\/producto\/fahrradtraeger\/heck\/easy-v3\/#breadcrumb"},"inLanguage":"de","potentialAction":[{"@type":"ReadAction","target":["https:\/\/gobiker.es\/de\/producto\/fahrradtraeger\/heck\/easy-v3\/"]}]},{"@type":"ImageObject","inLanguage":"de","@id":"https:\/\/gobiker.es\/de\/producto\/fahrradtraeger\/heck\/easy-v3\/#primaryimage","url":"https:\/\/gobiker.es\/wp-content\/uploads\/2019\/05\/vmax.jpg","contentUrl":"https:\/\/gobiker.es\/wp-content\/uploads\/2019\/05\/vmax.jpg","width":1000,"height":1000},{"@type":"BreadcrumbList","@id":"https:\/\/gobiker.es\/de\/producto\/fahrradtraeger\/heck\/easy-v3\/#breadcrumb","itemListElement":[{"@type":"ListItem","position":1,"name":"Portada","item":"https:\/\/gobiker.es\/de\/"},{"@type":"ListItem","position":2,"name":"Gesch\u00e4ft","item":"https:\/\/gobiker.es\/de\/geschaeft\/"},{"@type":"ListItem","position":3,"name":"Easy V3+"}]},{"@type":"WebSite","@id":"https:\/\/gobiker.es\/de\/#website","url":"https:\/\/gobiker.es\/de\/","name":"Go Biker","description":"Expertos en portabicicletas","potentialAction":[{"@type":"SearchAction","target":{"@type":"EntryPoint","urlTemplate":"https:\/\/gobiker.es\/de\/?s={search_term_string}"},"query-input":{"@type":"PropertyValueSpecification","valueRequired":true,"valueName":"search_term_string"}}],"inLanguage":"de"}]}},"_links":{"self":[{"href":"https:\/\/gobiker.es\/de\/wp-json\/wp\/v2\/product\/1351","targetHints":{"allow":["GET"]}}],"collection":[{"href":"https:\/\/gobiker.es\/de\/wp-json\/wp\/v2\/product"}],"about":[{"href":"https:\/\/gobiker.es\/de\/wp-json\/wp\/v2\/types\/product"}],"replies":[{"embeddable":true,"href":"https:\/\/gobiker.es\/de\/wp-json\/wp\/v2\/comments?post=1351"}],"wp:featuredmedia":[{"embeddable":true,"href":"https:\/\/gobiker.es\/de\/wp-json\/wp\/v2\/media\/1357"}],"wp:attachment":[{"href":"https:\/\/gobiker.es\/de\/wp-json\/wp\/v2\/media?parent=1351"}],"wp:term":[{"taxonomy":"product_brand","embeddable":true,"href":"https:\/\/gobiker.es\/de\/wp-json\/wp\/v2\/product_brand?post=1351"},{"taxonomy":"product_cat","embeddable":true,"href":"https:\/\/gobiker.es\/de\/wp-json\/wp\/v2\/product_cat?post=1351"},{"taxonomy":"product_tag","embeddable":true,"href":"https:\/\/gobiker.es\/de\/wp-json\/wp\/v2\/product_tag?post=1351"}],"curies":[{"name":"wp","href":"https:\/\/api.w.org\/{rel}","templated":true}]}}