{"id":1361,"date":"2019-03-30T11:22:41","date_gmt":"2019-03-30T10:22:41","guid":{"rendered":"http:\/\/gobiker.es\/producto\/unkategorisiert\/easyv3\/"},"modified":"2022-10-19T02:02:42","modified_gmt":"2022-10-19T00:02:42","slug":"easyv3","status":"publish","type":"product","link":"https:\/\/gobiker.es\/de\/producto\/fahrradtraeger\/heck\/easyv3\/","title":{"rendered":"Easy V3"},"content":{"rendered":"<div class=\"fusion-fullwidth fullwidth-box fusion-builder-row-1 nonhundred-percent-fullwidth non-hundred-percent-height-scrolling\" style=\"--awb-border-radius-top-left:0px;--awb-border-radius-top-right:0px;--awb-border-radius-bottom-right:0px;--awb-border-radius-bottom-left:0px;--awb-margin-bottom:4vw;--awb-flex-wrap:wrap;\" id=\"contenedorDescripcionProducto\" ><div class=\"fusion-builder-row fusion-row\"><div class=\"fusion-layout-column fusion_builder_column fusion-builder-column-0 fusion_builder_column_1_1 1_1 fusion-one-full fusion-column-first fusion-column-last\" style=\"--awb-bg-size:cover;\"><div class=\"fusion-column-wrapper fusion-flex-column-wrapper-legacy\"><div class=\"fusion-title title fusion-title-1 fusion-sep-none fusion-title-center fusion-title-text fusion-title-size-one tituloH1Apartado\" style=\"--awb-text-color:#798a47;--awb-font-size:6rem;\"><h1 class=\"fusion-title-heading title-heading-center\" style=\"margin:0;font-size:1em;\"><h1>EASY V3 &#8211; Heckfahrradtr\u00e4ger<\/h1><\/h1><\/div><div class=\"fusion-text fusion-text-1 textoEditorCategoria\"><p><span style=\"font-weight: 400;\">Der einfach zu montierende EASY V3-Fahrradtr\u00e4ger mit einer Gummibeschichtung, die Sch\u00e4den am Fahrzeug und an den Fahrr\u00e4dern verhindert, und einer Transportkapazit\u00e4t von 3 Fahrr\u00e4dern mit einem Gewicht von jeweils bis zu 15 kg ist das ideale Produkt f\u00fcr Abenteurer, Profis und Fans der Fahrradwelt.<\/span><\/p>\n<p>Wieder ist Gobiker zur\u00fcckgekehrt, um \u00fcber alle Details nachzudenken, damit Sie keine Pl\u00e4ne zur\u00fccklassen.<\/p>\n<p>Ideal f\u00fcr; Profis, Amateure und Abenteurer, die gelegentlich Ausfl\u00fcge in die Natur, in die Berge, in die Stadt usw. unternehmen.<\/p>\n<p>&nbsp;<\/p>\n<\/div><div class=\"fusion-clearfix\"><\/div><\/div><\/div><\/div><\/div>\n","protected":false},"excerpt":{"rendered":"<p>Heckfahrradtr\u00e4ger f\u00fcr den Transport von bis zu 3 Fahrr\u00e4dern; einfache Installation durch verstellbare Gurte.<\/p>\n","protected":false},"featured_media":1363,"comment_status":"closed","ping_status":"closed","template":"","meta":{"_acf_changed":false},"product_brand":[],"product_cat":[98,99],"product_tag":[],"class_list":{"0":"post-1361","1":"product","2":"type-product","3":"status-publish","4":"has-post-thumbnail","6":"product_cat-fahrradtraeger","7":"product_cat-heck","9":"first","10":"instock","11":"shipping-taxable","12":"product-type-simple"},"acf":[],"yoast_head":"<!-- This site is optimized with the Yoast SEO plugin v27.1.1 - https:\/\/yoast.com\/product\/yoast-seo-wordpress\/ -->\n<title>Portabicis de port\u00f3n - Easy V3 | Compra Gobikeronline<\/title>\n<meta name=\"description\" content=\"Portabicis de port\u00f3n. El portabicicletas EASY V3 de f\u00e1cil montaje, con revestimiento de goma que evita da\u00f1ar el veh\u00edculo y las bicicletas para 3 bicicletas.\" \/>\n<meta name=\"robots\" content=\"index, follow, max-snippet:-1, max-image-preview:large, max-video-preview:-1\" \/>\n<link rel=\"canonical\" href=\"https:\/\/gobiker.es\/de\/producto\/fahrradtraeger\/heck\/easyv3\/\" \/>\n<script type=\"application\/ld+json\" class=\"yoast-schema-graph\">{\"@context\":\"https:\/\/schema.org\",\"@graph\":[{\"@type\":\"WebPage\",\"@id\":\"https:\/\/gobiker.es\/de\/producto\/fahrradtraeger\/heck\/easyv3\/\",\"url\":\"https:\/\/gobiker.es\/de\/producto\/fahrradtraeger\/heck\/easyv3\/\",\"name\":\"Portabicis de port\u00f3n - Easy V3 | Compra Gobikeronline\",\"isPartOf\":{\"@id\":\"https:\/\/gobiker.es\/de\/#website\"},\"primaryImageOfPage\":{\"@id\":\"https:\/\/gobiker.es\/de\/producto\/fahrradtraeger\/heck\/easyv3\/#primaryimage\"},\"image\":{\"@id\":\"https:\/\/gobiker.es\/de\/producto\/fahrradtraeger\/heck\/easyv3\/#primaryimage\"},\"thumbnailUrl\":\"https:\/\/gobiker.es\/wp-content\/uploads\/2019\/03\/Easy_4-WEB-jpg.jpg\",\"datePublished\":\"2019-03-30T10:22:41+00:00\",\"dateModified\":\"2022-10-19T00:02:42+00:00\",\"description\":\"Portabicis de port\u00f3n. El portabicicletas EASY V3 de f\u00e1cil montaje, con revestimiento de goma que evita da\u00f1ar el veh\u00edculo y las bicicletas para 3 bicicletas.\",\"breadcrumb\":{\"@id\":\"https:\/\/gobiker.es\/de\/producto\/fahrradtraeger\/heck\/easyv3\/#breadcrumb\"},\"inLanguage\":\"de\",\"potentialAction\":[{\"@type\":\"ReadAction\",\"target\":[\"https:\/\/gobiker.es\/de\/producto\/fahrradtraeger\/heck\/easyv3\/\"]}]},{\"@type\":\"ImageObject\",\"inLanguage\":\"de\",\"@id\":\"https:\/\/gobiker.es\/de\/producto\/fahrradtraeger\/heck\/easyv3\/#primaryimage\",\"url\":\"https:\/\/gobiker.es\/wp-content\/uploads\/2019\/03\/Easy_4-WEB-jpg.jpg\",\"contentUrl\":\"https:\/\/gobiker.es\/wp-content\/uploads\/2019\/03\/Easy_4-WEB-jpg.jpg\",\"width\":1000,\"height\":1000},{\"@type\":\"BreadcrumbList\",\"@id\":\"https:\/\/gobiker.es\/de\/producto\/fahrradtraeger\/heck\/easyv3\/#breadcrumb\",\"itemListElement\":[{\"@type\":\"ListItem\",\"position\":1,\"name\":\"Portada\",\"item\":\"https:\/\/gobiker.es\/de\/\"},{\"@type\":\"ListItem\",\"position\":2,\"name\":\"Gesch\u00e4ft\",\"item\":\"https:\/\/gobiker.es\/de\/geschaeft\/\"},{\"@type\":\"ListItem\",\"position\":3,\"name\":\"Easy V3\"}]},{\"@type\":\"WebSite\",\"@id\":\"https:\/\/gobiker.es\/de\/#website\",\"url\":\"https:\/\/gobiker.es\/de\/\",\"name\":\"Go Biker\",\"description\":\"Expertos en portabicicletas\",\"potentialAction\":[{\"@type\":\"SearchAction\",\"target\":{\"@type\":\"EntryPoint\",\"urlTemplate\":\"https:\/\/gobiker.es\/de\/?s={search_term_string}\"},\"query-input\":{\"@type\":\"PropertyValueSpecification\",\"valueRequired\":true,\"valueName\":\"search_term_string\"}}],\"inLanguage\":\"de\"}]}<\/script>\n<!-- \/ Yoast SEO plugin. -->","yoast_head_json":{"title":"Portabicis de port\u00f3n - Easy V3 | Compra Gobikeronline","description":"Portabicis de port\u00f3n. El portabicicletas EASY V3 de f\u00e1cil montaje, con revestimiento de goma que evita da\u00f1ar el veh\u00edculo y las bicicletas para 3 bicicletas.","robots":{"index":"index","follow":"follow","max-snippet":"max-snippet:-1","max-image-preview":"max-image-preview:large","max-video-preview":"max-video-preview:-1"},"canonical":"https:\/\/gobiker.es\/de\/producto\/fahrradtraeger\/heck\/easyv3\/","schema":{"@context":"https:\/\/schema.org","@graph":[{"@type":"WebPage","@id":"https:\/\/gobiker.es\/de\/producto\/fahrradtraeger\/heck\/easyv3\/","url":"https:\/\/gobiker.es\/de\/producto\/fahrradtraeger\/heck\/easyv3\/","name":"Portabicis de port\u00f3n - Easy V3 | Compra Gobikeronline","isPartOf":{"@id":"https:\/\/gobiker.es\/de\/#website"},"primaryImageOfPage":{"@id":"https:\/\/gobiker.es\/de\/producto\/fahrradtraeger\/heck\/easyv3\/#primaryimage"},"image":{"@id":"https:\/\/gobiker.es\/de\/producto\/fahrradtraeger\/heck\/easyv3\/#primaryimage"},"thumbnailUrl":"https:\/\/gobiker.es\/wp-content\/uploads\/2019\/03\/Easy_4-WEB-jpg.jpg","datePublished":"2019-03-30T10:22:41+00:00","dateModified":"2022-10-19T00:02:42+00:00","description":"Portabicis de port\u00f3n. El portabicicletas EASY V3 de f\u00e1cil montaje, con revestimiento de goma que evita da\u00f1ar el veh\u00edculo y las bicicletas para 3 bicicletas.","breadcrumb":{"@id":"https:\/\/gobiker.es\/de\/producto\/fahrradtraeger\/heck\/easyv3\/#breadcrumb"},"inLanguage":"de","potentialAction":[{"@type":"ReadAction","target":["https:\/\/gobiker.es\/de\/producto\/fahrradtraeger\/heck\/easyv3\/"]}]},{"@type":"ImageObject","inLanguage":"de","@id":"https:\/\/gobiker.es\/de\/producto\/fahrradtraeger\/heck\/easyv3\/#primaryimage","url":"https:\/\/gobiker.es\/wp-content\/uploads\/2019\/03\/Easy_4-WEB-jpg.jpg","contentUrl":"https:\/\/gobiker.es\/wp-content\/uploads\/2019\/03\/Easy_4-WEB-jpg.jpg","width":1000,"height":1000},{"@type":"BreadcrumbList","@id":"https:\/\/gobiker.es\/de\/producto\/fahrradtraeger\/heck\/easyv3\/#breadcrumb","itemListElement":[{"@type":"ListItem","position":1,"name":"Portada","item":"https:\/\/gobiker.es\/de\/"},{"@type":"ListItem","position":2,"name":"Gesch\u00e4ft","item":"https:\/\/gobiker.es\/de\/geschaeft\/"},{"@type":"ListItem","position":3,"name":"Easy V3"}]},{"@type":"WebSite","@id":"https:\/\/gobiker.es\/de\/#website","url":"https:\/\/gobiker.es\/de\/","name":"Go Biker","description":"Expertos en portabicicletas","potentialAction":[{"@type":"SearchAction","target":{"@type":"EntryPoint","urlTemplate":"https:\/\/gobiker.es\/de\/?s={search_term_string}"},"query-input":{"@type":"PropertyValueSpecification","valueRequired":true,"valueName":"search_term_string"}}],"inLanguage":"de"}]}},"_links":{"self":[{"href":"https:\/\/gobiker.es\/de\/wp-json\/wp\/v2\/product\/1361","targetHints":{"allow":["GET"]}}],"collection":[{"href":"https:\/\/gobiker.es\/de\/wp-json\/wp\/v2\/product"}],"about":[{"href":"https:\/\/gobiker.es\/de\/wp-json\/wp\/v2\/types\/product"}],"replies":[{"embeddable":true,"href":"https:\/\/gobiker.es\/de\/wp-json\/wp\/v2\/comments?post=1361"}],"wp:featuredmedia":[{"embeddable":true,"href":"https:\/\/gobiker.es\/de\/wp-json\/wp\/v2\/media\/1363"}],"wp:attachment":[{"href":"https:\/\/gobiker.es\/de\/wp-json\/wp\/v2\/media?parent=1361"}],"wp:term":[{"taxonomy":"product_brand","embeddable":true,"href":"https:\/\/gobiker.es\/de\/wp-json\/wp\/v2\/product_brand?post=1361"},{"taxonomy":"product_cat","embeddable":true,"href":"https:\/\/gobiker.es\/de\/wp-json\/wp\/v2\/product_cat?post=1361"},{"taxonomy":"product_tag","embeddable":true,"href":"https:\/\/gobiker.es\/de\/wp-json\/wp\/v2\/product_tag?post=1361"}],"curies":[{"name":"wp","href":"https:\/\/api.w.org\/{rel}","templated":true}]}}