{"id":1140,"date":"2019-03-28T11:43:43","date_gmt":"2019-03-28T10:43:43","guid":{"rendered":"http:\/\/gobiker.es\/inicio\/"},"modified":"2020-09-30T13:40:20","modified_gmt":"2020-09-30T11:40:20","slug":"inicio","status":"publish","type":"page","link":"https:\/\/gobiker.es\/fr\/","title":{"rendered":"ACCUEIL"},"content":{"rendered":"<p><div class=\"fusion-fullwidth fullwidth-box fusion-builder-row-1 hundred-percent-fullwidth non-hundred-percent-height-scrolling\" style=\"--awb-border-radius-top-left:0px;--awb-border-radius-top-right:0px;--awb-border-radius-bottom-right:0px;--awb-border-radius-bottom-left:0px;--awb-padding-top:0px;--awb-padding-right:0px;--awb-padding-bottom:0px;--awb-padding-left:0px;--awb-margin-top:0px;--awb-margin-bottom:0px;--awb-background-color:#95c121;--awb-flex-wrap:wrap;\" id=\"contenedorJardin\" ><div class=\"fusion-builder-row fusion-row\"><div class=\"fusion-layout-column fusion_builder_column fusion-builder-column-0 fusion_builder_column_1_2 1_2 fusion-one-half fusion-column-first\" style=\"--awb-bg-size:cover;width:50%;width:calc(50% - ( ( 0% ) * 0.5 ) );margin-right: 0%;\" id=\"contenidoJardinSello\"><div class=\"fusion-column-wrapper fusion-column-has-shadow fusion-flex-column-wrapper-legacy\"><div class=\"fusion-image-element in-legacy-container\" style=\"--awb-caption-title-font-family:var(--h2_typography-font-family);--awb-caption-title-font-weight:var(--h2_typography-font-weight);--awb-caption-title-font-style:var(--h2_typography-font-style);--awb-caption-title-size:var(--h2_typography-font-size);--awb-caption-title-transform:var(--h2_typography-text-transform);--awb-caption-title-line-height:var(--h2_typography-line-height);--awb-caption-title-letter-spacing:var(--h2_typography-letter-spacing);\"><span class=\" fusion-imageframe imageframe-none imageframe-1 hover-type-none\"><img decoding=\"async\" width=\"960\" height=\"686\" alt=\"Gobiker - Equipa tu veh\u00edculo para el transporte de bicicletas y mascotas. Y s\u00e9 libre de moverte donde quieras\" title=\"nnnn\" src=\"http:\/\/gobiker.es\/wp-content\/uploads\/2019\/07\/nnnn.jpg\" class=\"img-responsive wp-image-956\" srcset=\"https:\/\/gobiker.es\/wp-content\/uploads\/2019\/07\/nnnn-600x429.jpg 600w, https:\/\/gobiker.es\/wp-content\/uploads\/2019\/07\/nnnn.jpg 960w\" sizes=\"(max-width: 800px) 100vw, 960px\" \/><\/span><\/div><div class=\"fusion-clearfix\"><\/div><\/div><\/div><div class=\"fusion-layout-column fusion_builder_column fusion-builder-column-1 fusion_builder_column_1_2 1_2 fusion-one-half fusion-column-last\" style=\"--awb-bg-size:cover;width:50%;width:calc(50% - ( ( 0% ) * 0.5 ) );\" id=\"contenidoJardinTexto\"><div class=\"fusion-column-wrapper fusion-column-has-shadow fusion-flex-column-wrapper-legacy\"><div class=\"fusion-title title fusion-title-1 fusion-sep-none fusion-title-text fusion-title-size-two upper\" style=\"--awb-text-color:#ffffff;--awb-margin-bottom:0px;--awb-margin-bottom-small:0px;--awb-font-size:6rem;\" id=\"tituloH2EspecialHoggar\"><h2 class=\"fusion-title-heading title-heading-left\" style=\"margin:0;font-size:1em;\"><img decoding=\"async\" class=\"alignnone size-full wp-image-876\" src=\"http:\/\/gobiker.es\/wp-content\/uploads\/2019\/05\/gobikerLogoPostSlider-compressor.png\" alt=\"Gobiker online - Porta bicicletas y porta mascostas\" width=\"306\" height=\"59\" srcset=\"https:\/\/gobiker.es\/wp-content\/uploads\/2019\/05\/gobikerLogoPostSlider-compressor-300x59.png 300w, https:\/\/gobiker.es\/wp-content\/uploads\/2019\/05\/gobikerLogoPostSlider-compressor.png 306w\" sizes=\"(max-width: 306px) 100vw, 306px\" \/>\u00a0<\/h2><\/div><div class=\"fusion-text fusion-text-1\"><p><span style=\"font-weight: 400;\">Gobiker est n\u00e9 du besoin de nos clients de disposer d&rsquo;un porte-v\u00e9los avec la meilleure qualit\u00e9, s\u00e9curit\u00e9 et le meilleur design, le tout \u00e0 un prix tr\u00e8s comp\u00e9titif. Les trois principaux mod\u00e8les sur toit, de coffre et sur attelage vous permettront de transporter de fa\u00e7on simple et en toute s\u00e9curit\u00e9 jusqu&rsquo;\u00e0 3 v\u00e9los de 15 kg chacun. En plus, nous sommes en train de d\u00e9velopper une nouvelle caisse de transport pour chien, avec toutes les comodit\u00e9s pour vous et les v\u00f4tres.<\/span><\/p>\n<p><span style=\"font-weight: 400;\">Nos produits en aluminium et\/ou en acier poss\u00e8dent un design exclusif et sont tr\u00e8s simples \u00e0 installer dans la voiture, tout en garantissant une qualit\u00e9 et une durabilit\u00e9 dans leur utilisation au quotidien.<\/span><\/p>\n<\/div><div class=\"fusion-alignleft\"><a class=\"fusion-button button-flat button-large button-custom fusion-button-default button-1 fusion-button-default-span fusion-button-default-type btnCategoriaWoocommerce\" style=\"--button_accent_color:#95c121;--button_border_color:#95c121;--button_accent_hover_color:#ffffff;--button_border_hover_color:#ffffff;--button-border-radius-top-left:25px;--button-border-radius-top-right:25px;--button-border-radius-bottom-right:25px;--button-border-radius-bottom-left:25px;--button_gradient_top_color:#ffffff;--button_gradient_bottom_color:#ffffff;--button_gradient_top_color_hover:#3d4248;--button_gradient_bottom_color_hover:#3d4248;--button_text_transform:uppercase;\" target=\"_self\" title=\"Nos produits\" aria-label=\"Nos produits\" href=\"http:\/\/gobiker.es\/fr\/boutique\/\"><span class=\"fusion-button-text\">Nos produits<\/span><\/a><\/div><div class=\"fusion-clearfix\"><\/div><\/div><\/div><\/div><\/div><div class=\"fusion-fullwidth fullwidth-box fusion-builder-row-2 hundred-percent-fullwidth non-hundred-percent-height-scrolling fusion-no-small-visibility\" style=\"--awb-border-radius-top-left:0px;--awb-border-radius-top-right:0px;--awb-border-radius-bottom-right:0px;--awb-border-radius-bottom-left:0px;--awb-background-color:#95c121;--awb-flex-wrap:wrap;\" ><div class=\"fusion-builder-row fusion-row\"><div class=\"fusion-layout-column fusion_builder_column fusion-builder-column-2 fusion_builder_column_1_1 1_1 fusion-one-full fusion-column-first fusion-column-last\" style=\"--awb-padding-top:2vw;--awb-padding-bottom:2vw;--awb-bg-size:cover;\"><div class=\"fusion-column-wrapper fusion-column-has-shadow fusion-flex-column-wrapper-legacy\">\n<div class=\"fusion-slider-revolution rev_slider_wrapper\">\t\t\t<!-- START Movilidad urbana REVOLUTION SLIDER 6.7.15 --><p class=\"rs-p-wp-fix\"><\/p>\n\t\t\t<rs-module-wrap id=\"rev_slider_2_1_wrapper\" data-source=\"gallery\" style=\"visibility:hidden;background:transparent;padding:0;margin:0px auto;margin-top:0;margin-bottom:0;\">\n\t\t\t\t<rs-module id=\"rev_slider_2_1\" style=\"\" data-version=\"6.7.15\">\n\t\t\t\t\t<rs-slides style=\"overflow: hidden; position: absolute;\">\n\t\t\t\t\t\t<rs-slide style=\"position: absolute;\" data-key=\"rs-20\" data-title=\"Slide\" data-duration=\"11240\" data-anim=\"r:0;\" data-in=\"o:0;\" data-out=\"a:false;\">\n\t\t\t\t\t\t\t<img decoding=\"async\" src=\"\/\/gobiker.es\/wp-content\/plugins\/revslider\/sr6\/assets\/assets\/dummy.png\" alt=\"\" title=\"ACCUEIL\" class=\"rev-slidebg tp-rs-img rs-lazyload\" data-lazyload=\"\/\/gobiker.es\/wp-content\/uploads\/2018\/03\/fndo-casos-exito.jpg?_t=1520595815\" data-parallax=\"off\" data-no-retina>\n<!--\n\t\t\t\t\t\t\t--><rs-layer\n\t\t\t\t\t\t\t\tid=\"slider-2-slide-20-layer-10\" \n\t\t\t\t\t\t\t\tclass=\"rs-pxl-2\"\n\t\t\t\t\t\t\t\tdata-type=\"image\"\n\t\t\t\t\t\t\t\tdata-rsp_ch=\"on\"\n\t\t\t\t\t\t\t\tdata-xy=\"x:c;y:c;\"\n\t\t\t\t\t\t\t\tdata-text=\"l:22;a:inherit;\"\n\t\t\t\t\t\t\t\tdata-dim=\"w:1743px;h:222px;\"\n\t\t\t\t\t\t\t\tdata-frame_0=\"o:1;\"\n\t\t\t\t\t\t\t\tdata-frame_0_sfx=\"se:blocktoleft;fxc:#2c2c2c;\"\n\t\t\t\t\t\t\t\tdata-frame_1=\"e:power4.inOut;st:1900;sp:900;sR:1900;\"\n\t\t\t\t\t\t\t\tdata-frame_1_sfx=\"se:blocktoleft;fxc:#2c2c2c;\"\n\t\t\t\t\t\t\t\tdata-frame_999=\"o:0;st:w;sp:2000;sR:8440;\"\n\t\t\t\t\t\t\t\tstyle=\"z-index:5;\"\n\t\t\t\t\t\t\t><img decoding=\"async\" src=\"\/\/gobiker.es\/wp-content\/plugins\/revslider\/sr6\/assets\/assets\/dummy.png\" alt=\"\" class=\"tp-rs-img rs-lazyload\" width=\"1743\" height=\"222\" data-lazyload=\"\/\/gobiker.es\/wp-content\/uploads\/2020\/09\/MUEVETE-FRANCES.png\" data-no-retina> \n\t\t\t\t\t\t\t<\/rs-layer><!--\n-->\t\t\t\t\t<\/rs-slide>\n\t\t\t\t\t<\/rs-slides>\n\t\t\t\t<\/rs-module>\n\t\t\t\t<script>\n\t\t\t\t\tsetREVStartSize({c: 'rev_slider_2_1',rl:[1240,1024,768,480],el:[430],gw:[1900],gh:[430],type:'standard',justify:'',layout:'fullwidth',mh:\"0\"});if (window.RS_MODULES!==undefined && window.RS_MODULES.modules!==undefined && window.RS_MODULES.modules[\"revslider21\"]!==undefined) {window.RS_MODULES.modules[\"revslider21\"].once = false;window.revapi2 = undefined;if (window.RS_MODULES.checkMinimal!==undefined) window.RS_MODULES.checkMinimal()}\n\t\t\t\t<\/script>\n\t\t\t<\/rs-module-wrap>\n\t\t\t<!-- END REVOLUTION SLIDER -->\n<\/div><div class=\"fusion-clearfix\"><\/div><\/div><\/div><\/div><\/div><div class=\"fusion-fullwidth fullwidth-box fusion-builder-row-3 contenedorCategorias hundred-percent-fullwidth non-hundred-percent-height-scrolling\" style=\"--awb-border-radius-top-left:0px;--awb-border-radius-top-right:0px;--awb-border-radius-bottom-right:0px;--awb-border-radius-bottom-left:0px;--awb-padding-top:0px;--awb-padding-right:0px;--awb-padding-bottom:0px;--awb-padding-left:0px;--awb-margin-top:0px;--awb-margin-bottom:0px;--awb-flex-wrap:wrap;\" ><div class=\"fusion-builder-row fusion-row\"><div class=\"fusion-layout-column fusion_builder_column fusion-builder-column-3 fusion_builder_column_1_2 1_2 fusion-one-half fusion-column-first colFlex fusion-column-inner-bg-wrapper\" style=\"--awb-inner-bg-size:cover;width:50%;width:calc(50% - ( ( 0% ) * 0.5 ) );margin-right: 0%;\"><span class=\"fusion-column-inner-bg hover-type-none\"><a class=\"fusion-column-anchor\" href=\"\/fr\/boutique\/porte-velos\/\"><span class=\"fusion-column-inner-bg-image\"><\/span><\/a><\/span><div class=\"fusion-column-wrapper fusion-column-has-shadow fusion-flex-column-wrapper-legacy\"><div class=\"fusion-image-element fusion-image-align-center in-legacy-container\" style=\"text-align:center;--awb-caption-title-font-family:var(--h2_typography-font-family);--awb-caption-title-font-weight:var(--h2_typography-font-weight);--awb-caption-title-font-style:var(--h2_typography-font-style);--awb-caption-title-size:var(--h2_typography-font-size);--awb-caption-title-transform:var(--h2_typography-text-transform);--awb-caption-title-line-height:var(--h2_typography-line-height);--awb-caption-title-letter-spacing:var(--h2_typography-letter-spacing);\"><div class=\"imageframe-align-center\"><span class=\" fusion-imageframe imageframe-none imageframe-2 hover-type-zoomin\"><img decoding=\"async\" width=\"960\" height=\"686\" alt=\"Porta bicicletas\" title=\"Transporte de bicicletas y mascotas &#8211; Gobiker\" src=\"http:\/\/gobiker.es\/wp-content\/uploads\/2019\/05\/EASY-GOBIKERCOLOUR-PAPER-tama\u00f1oweb.jpg\" class=\"img-responsive wp-image-928\" srcset=\"https:\/\/gobiker.es\/wp-content\/uploads\/2019\/05\/EASY-GOBIKERCOLOUR-PAPER-tama\u00f1oweb-600x429.jpg 600w, https:\/\/gobiker.es\/wp-content\/uploads\/2019\/05\/EASY-GOBIKERCOLOUR-PAPER-tama\u00f1oweb.jpg 960w\" sizes=\"(max-width: 800px) 100vw, 960px\" \/><\/span><\/div><\/div><div class=\"fusion-builder-row fusion-builder-row-inner fusion-row\"><div class=\"fusion-layout-column fusion_builder_column_inner fusion-builder-nested-column-0 fusion_builder_column_inner_1_1 1_1 fusion-one-full fusion-column-first fusion-column-last contenedorTituloH2Categoria\" style=\"--awb-bg-size:cover;\"><div class=\"fusion-column-wrapper fusion-column-has-shadow fusion-flex-column-wrapper-legacy\"><div class=\"fusion-title title fusion-title-2 fusion-sep-none fusion-title-center fusion-title-text fusion-title-size-two tituloH2Categoria upper\" style=\"--awb-text-color:#ffffff;--awb-margin-bottom:0px;--awb-margin-bottom-small:0px;--awb-font-size:10rem;\"><h2 class=\"fusion-title-heading title-heading-center\" style=\"margin:0;font-size:1em;\">porte-v\u00e9los<\/h2><\/div><div class=\"fusion-clearfix\"><\/div><\/div><\/div><\/div><div class=\"fusion-clearfix\"><\/div><\/div><\/div><div class=\"fusion-layout-column fusion_builder_column fusion-builder-column-4 fusion_builder_column_1_2 1_2 fusion-one-half fusion-column-last colFlex fusion-column-inner-bg-wrapper\" style=\"--awb-inner-bg-size:cover;width:50%;width:calc(50% - ( ( 0% ) * 0.5 ) );\"><span class=\"fusion-column-inner-bg hover-type-none\"><a class=\"fusion-column-anchor\" href=\"\/fr\/boutique\/caisse-de-transport-pour-chien\/\"><span class=\"fusion-column-inner-bg-image\"><\/span><\/a><\/span><div class=\"fusion-column-wrapper fusion-column-has-shadow fusion-flex-column-wrapper-legacy\"><div class=\"fusion-image-element fusion-image-align-center in-legacy-container\" style=\"text-align:center;--awb-caption-title-font-family:var(--h2_typography-font-family);--awb-caption-title-font-weight:var(--h2_typography-font-weight);--awb-caption-title-font-style:var(--h2_typography-font-style);--awb-caption-title-size:var(--h2_typography-font-size);--awb-caption-title-transform:var(--h2_typography-text-transform);--awb-caption-title-line-height:var(--h2_typography-line-height);--awb-caption-title-letter-spacing:var(--h2_typography-letter-spacing);\"><div class=\"imageframe-align-center\"><span class=\" fusion-imageframe imageframe-none imageframe-3 hover-type-zoomin\"><img decoding=\"async\" width=\"960\" height=\"686\" alt=\"Porta mascotas\" title=\"PERRO\" src=\"http:\/\/gobiker.es\/wp-content\/uploads\/2019\/07\/PERRO.jpg\" class=\"img-responsive wp-image-958\" srcset=\"https:\/\/gobiker.es\/wp-content\/uploads\/2019\/07\/PERRO-600x429.jpg 600w, https:\/\/gobiker.es\/wp-content\/uploads\/2019\/07\/PERRO.jpg 960w\" sizes=\"(max-width: 800px) 100vw, 960px\" \/><\/span><\/div><\/div><div class=\"fusion-builder-row fusion-builder-row-inner fusion-row\"><div class=\"fusion-layout-column fusion_builder_column_inner fusion-builder-nested-column-1 fusion_builder_column_inner_1_1 1_1 fusion-one-full fusion-column-first fusion-column-last contenedorTituloH2Categoria\" style=\"--awb-bg-size:cover;\"><div class=\"fusion-column-wrapper fusion-column-has-shadow fusion-flex-column-wrapper-legacy\"><div class=\"fusion-title title fusion-title-3 fusion-sep-none fusion-title-center fusion-title-text fusion-title-size-two tituloH2Categoria upper\" style=\"--awb-text-color:#ffffff;--awb-margin-bottom:0px;--awb-margin-bottom-small:0px;--awb-font-size:10rem;\"><h2 class=\"fusion-title-heading title-heading-center\" style=\"margin:0;font-size:1em;\">Caisse de transport pour chien<\/h2><\/div><div class=\"fusion-clearfix\"><\/div><\/div><\/div><\/div><div class=\"fusion-clearfix\"><\/div><\/div><\/div><\/div><\/div>\n<\/p>\n","protected":false},"excerpt":{"rendered":"","protected":false},"author":4,"featured_media":0,"parent":0,"menu_order":0,"comment_status":"closed","ping_status":"closed","template":"100-width.php","meta":{"_acf_changed":false,"footnotes":""},"class_list":["post-1140","page","type-page","status-publish","hentry"],"acf":[],"yoast_head":"<!-- This site is optimized with the Yoast SEO plugin v27.1.1 - https:\/\/yoast.com\/product\/yoast-seo-wordpress\/ -->\n<title>Transporte de bicicletas y mascotas y s\u00e9 libre de moverte - Gobiker<\/title>\n<meta name=\"description\" content=\"En Gobiker online, podr\u00e1s equipar tu veh\u00edculo para el transporte de bicicletas y mascotas y s\u00e9 libre de moverte donde quieras.\" \/>\n<meta name=\"robots\" content=\"index, follow, max-snippet:-1, max-image-preview:large, max-video-preview:-1\" \/>\n<link rel=\"canonical\" href=\"https:\/\/gobiker.es\/fr\/\" \/>\n<script type=\"application\/ld+json\" class=\"yoast-schema-graph\">{\"@context\":\"https:\/\/schema.org\",\"@graph\":[{\"@type\":\"WebPage\",\"@id\":\"https:\/\/gobiker.es\/fr\/\",\"url\":\"https:\/\/gobiker.es\/fr\/\",\"name\":\"Transporte de bicicletas y mascotas y s\u00e9 libre de moverte - Gobiker\",\"isPartOf\":{\"@id\":\"https:\/\/gobiker.es\/fr\/#website\"},\"primaryImageOfPage\":{\"@id\":\"https:\/\/gobiker.es\/fr\/#primaryimage\"},\"image\":{\"@id\":\"https:\/\/gobiker.es\/fr\/#primaryimage\"},\"thumbnailUrl\":\"http:\/\/gobiker.es\/wp-content\/uploads\/2019\/05\/gobikerLogoPostSlider-compressor.png\",\"datePublished\":\"2019-03-28T10:43:43+00:00\",\"dateModified\":\"2020-09-30T11:40:20+00:00\",\"description\":\"En Gobiker online, podr\u00e1s equipar tu veh\u00edculo para el transporte de bicicletas y mascotas y s\u00e9 libre de moverte donde quieras.\",\"breadcrumb\":{\"@id\":\"https:\/\/gobiker.es\/fr\/#breadcrumb\"},\"inLanguage\":\"fr-FR\",\"potentialAction\":[{\"@type\":\"ReadAction\",\"target\":[\"https:\/\/gobiker.es\/fr\/\"]}]},{\"@type\":\"ImageObject\",\"inLanguage\":\"fr-FR\",\"@id\":\"https:\/\/gobiker.es\/fr\/#primaryimage\",\"url\":\"http:\/\/gobiker.es\/wp-content\/uploads\/2019\/05\/gobikerLogoPostSlider-compressor.png\",\"contentUrl\":\"http:\/\/gobiker.es\/wp-content\/uploads\/2019\/05\/gobikerLogoPostSlider-compressor.png\"},{\"@type\":\"BreadcrumbList\",\"@id\":\"https:\/\/gobiker.es\/fr\/#breadcrumb\",\"itemListElement\":[{\"@type\":\"ListItem\",\"position\":1,\"name\":\"Portada\",\"item\":\"https:\/\/gobiker.es\/fr\/\"},{\"@type\":\"ListItem\",\"position\":2,\"name\":\"ACCUEIL\"}]},{\"@type\":\"WebSite\",\"@id\":\"https:\/\/gobiker.es\/fr\/#website\",\"url\":\"https:\/\/gobiker.es\/fr\/\",\"name\":\"Go Biker\",\"description\":\"Expertos en portabicicletas\",\"potentialAction\":[{\"@type\":\"SearchAction\",\"target\":{\"@type\":\"EntryPoint\",\"urlTemplate\":\"https:\/\/gobiker.es\/fr\/?s={search_term_string}\"},\"query-input\":{\"@type\":\"PropertyValueSpecification\",\"valueRequired\":true,\"valueName\":\"search_term_string\"}}],\"inLanguage\":\"fr-FR\"}]}<\/script>\n<!-- \/ Yoast SEO plugin. -->","yoast_head_json":{"title":"Transporte de bicicletas y mascotas y s\u00e9 libre de moverte - Gobiker","description":"En Gobiker online, podr\u00e1s equipar tu veh\u00edculo para el transporte de bicicletas y mascotas y s\u00e9 libre de moverte donde quieras.","robots":{"index":"index","follow":"follow","max-snippet":"max-snippet:-1","max-image-preview":"max-image-preview:large","max-video-preview":"max-video-preview:-1"},"canonical":"https:\/\/gobiker.es\/fr\/","schema":{"@context":"https:\/\/schema.org","@graph":[{"@type":"WebPage","@id":"https:\/\/gobiker.es\/fr\/","url":"https:\/\/gobiker.es\/fr\/","name":"Transporte de bicicletas y mascotas y s\u00e9 libre de moverte - Gobiker","isPartOf":{"@id":"https:\/\/gobiker.es\/fr\/#website"},"primaryImageOfPage":{"@id":"https:\/\/gobiker.es\/fr\/#primaryimage"},"image":{"@id":"https:\/\/gobiker.es\/fr\/#primaryimage"},"thumbnailUrl":"http:\/\/gobiker.es\/wp-content\/uploads\/2019\/05\/gobikerLogoPostSlider-compressor.png","datePublished":"2019-03-28T10:43:43+00:00","dateModified":"2020-09-30T11:40:20+00:00","description":"En Gobiker online, podr\u00e1s equipar tu veh\u00edculo para el transporte de bicicletas y mascotas y s\u00e9 libre de moverte donde quieras.","breadcrumb":{"@id":"https:\/\/gobiker.es\/fr\/#breadcrumb"},"inLanguage":"fr-FR","potentialAction":[{"@type":"ReadAction","target":["https:\/\/gobiker.es\/fr\/"]}]},{"@type":"ImageObject","inLanguage":"fr-FR","@id":"https:\/\/gobiker.es\/fr\/#primaryimage","url":"http:\/\/gobiker.es\/wp-content\/uploads\/2019\/05\/gobikerLogoPostSlider-compressor.png","contentUrl":"http:\/\/gobiker.es\/wp-content\/uploads\/2019\/05\/gobikerLogoPostSlider-compressor.png"},{"@type":"BreadcrumbList","@id":"https:\/\/gobiker.es\/fr\/#breadcrumb","itemListElement":[{"@type":"ListItem","position":1,"name":"Portada","item":"https:\/\/gobiker.es\/fr\/"},{"@type":"ListItem","position":2,"name":"ACCUEIL"}]},{"@type":"WebSite","@id":"https:\/\/gobiker.es\/fr\/#website","url":"https:\/\/gobiker.es\/fr\/","name":"Go Biker","description":"Expertos en portabicicletas","potentialAction":[{"@type":"SearchAction","target":{"@type":"EntryPoint","urlTemplate":"https:\/\/gobiker.es\/fr\/?s={search_term_string}"},"query-input":{"@type":"PropertyValueSpecification","valueRequired":true,"valueName":"search_term_string"}}],"inLanguage":"fr-FR"}]}},"_links":{"self":[{"href":"https:\/\/gobiker.es\/fr\/wp-json\/wp\/v2\/pages\/1140","targetHints":{"allow":["GET"]}}],"collection":[{"href":"https:\/\/gobiker.es\/fr\/wp-json\/wp\/v2\/pages"}],"about":[{"href":"https:\/\/gobiker.es\/fr\/wp-json\/wp\/v2\/types\/page"}],"author":[{"embeddable":true,"href":"https:\/\/gobiker.es\/fr\/wp-json\/wp\/v2\/users\/4"}],"replies":[{"embeddable":true,"href":"https:\/\/gobiker.es\/fr\/wp-json\/wp\/v2\/comments?post=1140"}],"version-history":[{"count":5,"href":"https:\/\/gobiker.es\/fr\/wp-json\/wp\/v2\/pages\/1140\/revisions"}],"predecessor-version":[{"id":1611,"href":"https:\/\/gobiker.es\/fr\/wp-json\/wp\/v2\/pages\/1140\/revisions\/1611"}],"wp:attachment":[{"href":"https:\/\/gobiker.es\/fr\/wp-json\/wp\/v2\/media?parent=1140"}],"curies":[{"name":"wp","href":"https:\/\/api.w.org\/{rel}","templated":true}]}}