{"id":1217,"date":"2020-03-08T22:04:29","date_gmt":"2020-03-08T21:04:29","guid":{"rendered":"http:\/\/gobiker.es\/consentimiento-para-el-tratamiento-de-datos-personales\/"},"modified":"2020-09-30T13:54:32","modified_gmt":"2020-09-30T11:54:32","slug":"gdpr","status":"publish","type":"page","link":"https:\/\/gobiker.es\/fr\/gdpr\/","title":{"rendered":"GDPR"},"content":{"rendered":"<div class=\"fusion-fullwidth fullwidth-box fusion-builder-row-1 nonhundred-percent-fullwidth non-hundred-percent-height-scrolling\" style=\"--awb-border-radius-top-left:0px;--awb-border-radius-top-right:0px;--awb-border-radius-bottom-right:0px;--awb-border-radius-bottom-left:0px;--awb-padding-top:5vw;--awb-padding-right:30px;--awb-padding-bottom:5vw;--awb-padding-left:30px;--awb-flex-wrap:wrap;\" ><div class=\"fusion-builder-row fusion-row\"><div class=\"fusion-layout-column fusion_builder_column fusion-builder-column-0 fusion_builder_column_1_1 1_1 fusion-one-full fusion-column-first fusion-column-last\" style=\"--awb-bg-size:cover;\"><div class=\"fusion-column-wrapper fusion-flex-column-wrapper-legacy\"><div class=\"fusion-text fusion-text-1\"><p style=\"text-align: center;\"><strong>CONSENTEMENT POUR LE TRAITEMENT DES DONN\u00c9ES PERSONNELLES<br \/>\n<\/strong><\/p>\n<p><strong>OKORU GLOBAL SLU<\/strong> est le Responsable du traitement des donn\u00e9es personnelles de l&rsquo;int\u00e9ress\u00e9 et vous informe que ces donn\u00e9es seront trait\u00e9es conform\u00e9ment aux dispositions du R\u00e8glement (UE) 2016\/679, du 27 avril 2016 (RGPD), voici les informations suivantes par rapport au traitement :<\/p>\n<p><strong>Finalit\u00e9s et l\u00e9gitimation du traitement des donn\u00e9es<\/strong> : maintenir une relation commerciale (du fait d&rsquo;un int\u00e9r\u00eat l\u00e9gitime du responsable, art. 6.1.f RGPD) et l&rsquo;envoi de communications de produits ou services (avec le consentement de l&rsquo;int\u00e9ress\u00e9, art. 6.1.a RGPD).<\/p>\n<p><strong>Crit\u00e8res de conservation des donn\u00e9es<\/strong> : elles seront conserv\u00e9es tant qu&rsquo;il y aura un int\u00e9r\u00eat mutuel de maintenir l&rsquo;objectif du traitement et lorsque cela ne sera plus n\u00e9cessaire, elles seront \u00e9limin\u00e9es avec des mesures de s\u00e9curit\u00e9 ad\u00e9quates pour garantir la pseudonymisation des donn\u00e9es ou la destruction totale de ces m\u00eames donn\u00e9es.<\/p>\n<p><strong>Communication de donn\u00e9es<\/strong> : aucune donn\u00e9e sera communiqu\u00e9e \u00e0 des tiers, \u00e0 l&rsquo;exception des cookies appartenant \u00e0 des tiers ou par obligation l\u00e9gale.<\/p>\n<p><strong>Droits de l&rsquo;utilisateur :<\/strong><\/p>\n<ul>\n<li>Droit de r\u00e9tirer son consentement \u00e0 tout moment.<\/li>\n<li>Droit d&rsquo;acc\u00e8s, de rectification, de portabilit\u00e9 et de suppression des donn\u00e9es et la limitation ou l&rsquo;opposition \u00e0 leur traitement.<\/li>\n<li>Droit de d\u00e9poser une plainte aupr\u00e8s de l&rsquo;organe de surveillance (www.aepd.es) si on estime que le traitement ne se conforme pas aux r\u00e9glementations en vigueur.<\/li>\n<\/ul>\n<p><strong>Coordon\u00e9es pour exercer ses droits :<\/strong><\/p>\n<p>OKORU GLOBAL SLU. POL\u00cdGONO INDUSTRIAL DE BARROS, 29 \u2013 39408 BARROS (Cantabrie) \u2013 ESPAGNE. Email: <a href=\"mailto:administracion@okoru.es\">administracion@okoru.es<\/a><\/p>\n<p>&nbsp;<\/p>\n<\/div><div class=\"fusion-clearfix\"><\/div><\/div><\/div><\/div><\/div>\n","protected":false},"excerpt":{"rendered":"","protected":false},"author":4,"featured_media":0,"parent":0,"menu_order":0,"comment_status":"closed","ping_status":"closed","template":"100-width.php","meta":{"_acf_changed":false,"footnotes":""},"class_list":["post-1217","page","type-page","status-publish","hentry"],"acf":[],"yoast_head":"<!-- This site is optimized with the Yoast SEO plugin v27.1.1 - https:\/\/yoast.com\/product\/yoast-seo-wordpress\/ -->\n<title>GDPR | Gobikeronline<\/title>\n<meta name=\"robots\" content=\"index, follow, max-snippet:-1, max-image-preview:large, max-video-preview:-1\" \/>\n<link rel=\"canonical\" href=\"https:\/\/gobiker.es\/fr\/gdpr\/\" \/>\n<script type=\"application\/ld+json\" class=\"yoast-schema-graph\">{\"@context\":\"https:\/\/schema.org\",\"@graph\":[{\"@type\":\"WebPage\",\"@id\":\"https:\/\/gobiker.es\/fr\/gdpr\/\",\"url\":\"https:\/\/gobiker.es\/fr\/gdpr\/\",\"name\":\"GDPR | Gobikeronline\",\"isPartOf\":{\"@id\":\"https:\/\/gobiker.es\/fr\/#website\"},\"datePublished\":\"2020-03-08T21:04:29+00:00\",\"dateModified\":\"2020-09-30T11:54:32+00:00\",\"breadcrumb\":{\"@id\":\"https:\/\/gobiker.es\/fr\/gdpr\/#breadcrumb\"},\"inLanguage\":\"fr-FR\",\"potentialAction\":[{\"@type\":\"ReadAction\",\"target\":[\"https:\/\/gobiker.es\/fr\/gdpr\/\"]}]},{\"@type\":\"BreadcrumbList\",\"@id\":\"https:\/\/gobiker.es\/fr\/gdpr\/#breadcrumb\",\"itemListElement\":[{\"@type\":\"ListItem\",\"position\":1,\"name\":\"Portada\",\"item\":\"https:\/\/gobiker.es\/fr\/\"},{\"@type\":\"ListItem\",\"position\":2,\"name\":\"GDPR\"}]},{\"@type\":\"WebSite\",\"@id\":\"https:\/\/gobiker.es\/fr\/#website\",\"url\":\"https:\/\/gobiker.es\/fr\/\",\"name\":\"Go Biker\",\"description\":\"Expertos en portabicicletas\",\"potentialAction\":[{\"@type\":\"SearchAction\",\"target\":{\"@type\":\"EntryPoint\",\"urlTemplate\":\"https:\/\/gobiker.es\/fr\/?s={search_term_string}\"},\"query-input\":{\"@type\":\"PropertyValueSpecification\",\"valueRequired\":true,\"valueName\":\"search_term_string\"}}],\"inLanguage\":\"fr-FR\"}]}<\/script>\n<!-- \/ Yoast SEO plugin. -->","yoast_head_json":{"title":"GDPR | Gobikeronline","robots":{"index":"index","follow":"follow","max-snippet":"max-snippet:-1","max-image-preview":"max-image-preview:large","max-video-preview":"max-video-preview:-1"},"canonical":"https:\/\/gobiker.es\/fr\/gdpr\/","schema":{"@context":"https:\/\/schema.org","@graph":[{"@type":"WebPage","@id":"https:\/\/gobiker.es\/fr\/gdpr\/","url":"https:\/\/gobiker.es\/fr\/gdpr\/","name":"GDPR | Gobikeronline","isPartOf":{"@id":"https:\/\/gobiker.es\/fr\/#website"},"datePublished":"2020-03-08T21:04:29+00:00","dateModified":"2020-09-30T11:54:32+00:00","breadcrumb":{"@id":"https:\/\/gobiker.es\/fr\/gdpr\/#breadcrumb"},"inLanguage":"fr-FR","potentialAction":[{"@type":"ReadAction","target":["https:\/\/gobiker.es\/fr\/gdpr\/"]}]},{"@type":"BreadcrumbList","@id":"https:\/\/gobiker.es\/fr\/gdpr\/#breadcrumb","itemListElement":[{"@type":"ListItem","position":1,"name":"Portada","item":"https:\/\/gobiker.es\/fr\/"},{"@type":"ListItem","position":2,"name":"GDPR"}]},{"@type":"WebSite","@id":"https:\/\/gobiker.es\/fr\/#website","url":"https:\/\/gobiker.es\/fr\/","name":"Go Biker","description":"Expertos en portabicicletas","potentialAction":[{"@type":"SearchAction","target":{"@type":"EntryPoint","urlTemplate":"https:\/\/gobiker.es\/fr\/?s={search_term_string}"},"query-input":{"@type":"PropertyValueSpecification","valueRequired":true,"valueName":"search_term_string"}}],"inLanguage":"fr-FR"}]}},"_links":{"self":[{"href":"https:\/\/gobiker.es\/fr\/wp-json\/wp\/v2\/pages\/1217","targetHints":{"allow":["GET"]}}],"collection":[{"href":"https:\/\/gobiker.es\/fr\/wp-json\/wp\/v2\/pages"}],"about":[{"href":"https:\/\/gobiker.es\/fr\/wp-json\/wp\/v2\/types\/page"}],"author":[{"embeddable":true,"href":"https:\/\/gobiker.es\/fr\/wp-json\/wp\/v2\/users\/4"}],"replies":[{"embeddable":true,"href":"https:\/\/gobiker.es\/fr\/wp-json\/wp\/v2\/comments?post=1217"}],"version-history":[{"count":4,"href":"https:\/\/gobiker.es\/fr\/wp-json\/wp\/v2\/pages\/1217\/revisions"}],"predecessor-version":[{"id":1616,"href":"https:\/\/gobiker.es\/fr\/wp-json\/wp\/v2\/pages\/1217\/revisions\/1616"}],"wp:attachment":[{"href":"https:\/\/gobiker.es\/fr\/wp-json\/wp\/v2\/media?parent=1217"}],"curies":[{"name":"wp","href":"https:\/\/api.w.org\/{rel}","templated":true}]}}