{"id":1266,"date":"2020-07-06T16:49:10","date_gmt":"2020-07-06T14:49:10","guid":{"rendered":"http:\/\/gobiker.es\/producto\/non%20class\u00e9\/speed4\/"},"modified":"2022-10-19T01:52:41","modified_gmt":"2022-10-18T23:52:41","slug":"speed4","status":"publish","type":"product","link":"https:\/\/gobiker.es\/fr\/producto\/porte-velos\/attelage\/speed4\/","title":{"rendered":"Speed4"},"content":{"rendered":"<div class=\"fusion-fullwidth fullwidth-box fusion-builder-row-1 nonhundred-percent-fullwidth non-hundred-percent-height-scrolling\" style=\"--awb-border-radius-top-left:0px;--awb-border-radius-top-right:0px;--awb-border-radius-bottom-right:0px;--awb-border-radius-bottom-left:0px;--awb-margin-bottom:4vw;--awb-flex-wrap:wrap;\" id=\"contenedorDescripcionProducto\" ><div class=\"fusion-builder-row fusion-row\"><div class=\"fusion-layout-column fusion_builder_column fusion-builder-column-0 fusion_builder_column_1_1 1_1 fusion-one-full fusion-column-first fusion-column-last\" style=\"--awb-bg-size:cover;\"><div class=\"fusion-column-wrapper fusion-flex-column-wrapper-legacy\"><div class=\"fusion-title title fusion-title-1 fusion-sep-none fusion-title-center fusion-title-text fusion-title-size-one tituloH1Apartado\" style=\"--awb-text-color:#798a47;--awb-font-size:6rem;\"><h1 class=\"fusion-title-heading title-heading-center\" style=\"margin:0;font-size:1em;\"><h1>SPEED &#8211; Porte-v\u00e9los sur attelage<\/h1><\/h1><\/div><div class=\"fusion-text fusion-text-1 textoEditorCategoria\"><p>Nouveau porte-v\u00e9los Gobiker Speed4!<\/p>\n<p><span lang=\"FR\">Ce nouveau porte-v\u00e9los a une capacit\u00e9 de 4 v\u00e9los jusqu&rsquo;\u00e0 15 kg chacun.\u00a0<\/span>Il est dot\u00e9 de sangles \u00e0 d\u00e9gagement rapide et de bras mobiles pour une fixation optimale des v\u00e9los et comprend un double verrou de s\u00e9curit\u00e9 pour le porte-v\u00e9los et vos v\u00e9los. De plus, sa conception en aluminium l\u00e9ger est pliable, inclinable et pliable \u00e0 p\u00e9dale, ce qui rend son utilisation beaucoup plus confortable.<\/p>\n<\/div><div class=\"fusion-clearfix\"><\/div><\/div><\/div><\/div><\/div>\n","protected":false},"excerpt":{"rendered":"<p>Porte-v\u00e9los pour boule de remorquage, pliable, compact et facile \u00e0 utiliser, pour tous les types de v\u00e9los. Capacit\u00e9 pour 4 v\u00e9los.<\/p>\n","protected":false},"featured_media":1269,"comment_status":"closed","ping_status":"closed","template":"","meta":{"_acf_changed":false},"product_brand":[],"product_cat":[93,89],"product_tag":[],"class_list":{"0":"post-1266","1":"product","2":"type-product","3":"status-publish","4":"has-post-thumbnail","6":"product_cat-attelage","7":"product_cat-porte-velos","9":"first","10":"instock","11":"shipping-taxable","12":"product-type-simple"},"acf":[],"yoast_head":"<!-- This site is optimized with the Yoast SEO plugin v27.1.1 - https:\/\/yoast.com\/product\/yoast-seo-wordpress\/ -->\n<title>Porta bicicletas de enganche - Speed4 | Gobikeronline<\/title>\n<meta name=\"description\" content=\"Porta bicicletas de enganche. El portabicicletas m\u00e1s y mejor completo del mercado se llama GOBIKER SPEED4. Compra gobikeronline.\" \/>\n<meta name=\"robots\" content=\"index, follow, max-snippet:-1, max-image-preview:large, max-video-preview:-1\" \/>\n<link rel=\"canonical\" href=\"https:\/\/gobiker.es\/fr\/producto\/porte-velos\/attelage\/speed4\/\" \/>\n<script type=\"application\/ld+json\" class=\"yoast-schema-graph\">{\"@context\":\"https:\/\/schema.org\",\"@graph\":[{\"@type\":\"WebPage\",\"@id\":\"https:\/\/gobiker.es\/fr\/producto\/porte-velos\/attelage\/speed4\/\",\"url\":\"https:\/\/gobiker.es\/fr\/producto\/porte-velos\/attelage\/speed4\/\",\"name\":\"Porta bicicletas de enganche - Speed4 | Gobikeronline\",\"isPartOf\":{\"@id\":\"https:\/\/gobiker.es\/fr\/#website\"},\"primaryImageOfPage\":{\"@id\":\"https:\/\/gobiker.es\/fr\/producto\/porte-velos\/attelage\/speed4\/#primaryimage\"},\"image\":{\"@id\":\"https:\/\/gobiker.es\/fr\/producto\/porte-velos\/attelage\/speed4\/#primaryimage\"},\"thumbnailUrl\":\"https:\/\/gobiker.es\/wp-content\/uploads\/2020\/07\/gobiker-speed4-1-scaled.jpg\",\"datePublished\":\"2020-07-06T14:49:10+00:00\",\"dateModified\":\"2022-10-18T23:52:41+00:00\",\"description\":\"Porta bicicletas de enganche. El portabicicletas m\u00e1s y mejor completo del mercado se llama GOBIKER SPEED4. Compra gobikeronline.\",\"breadcrumb\":{\"@id\":\"https:\/\/gobiker.es\/fr\/producto\/porte-velos\/attelage\/speed4\/#breadcrumb\"},\"inLanguage\":\"fr-FR\",\"potentialAction\":[{\"@type\":\"ReadAction\",\"target\":[\"https:\/\/gobiker.es\/fr\/producto\/porte-velos\/attelage\/speed4\/\"]}]},{\"@type\":\"ImageObject\",\"inLanguage\":\"fr-FR\",\"@id\":\"https:\/\/gobiker.es\/fr\/producto\/porte-velos\/attelage\/speed4\/#primaryimage\",\"url\":\"https:\/\/gobiker.es\/wp-content\/uploads\/2020\/07\/gobiker-speed4-1-scaled.jpg\",\"contentUrl\":\"https:\/\/gobiker.es\/wp-content\/uploads\/2020\/07\/gobiker-speed4-1-scaled.jpg\",\"width\":2560,\"height\":2309},{\"@type\":\"BreadcrumbList\",\"@id\":\"https:\/\/gobiker.es\/fr\/producto\/porte-velos\/attelage\/speed4\/#breadcrumb\",\"itemListElement\":[{\"@type\":\"ListItem\",\"position\":1,\"name\":\"Portada\",\"item\":\"https:\/\/gobiker.es\/fr\/\"},{\"@type\":\"ListItem\",\"position\":2,\"name\":\"Boutique\",\"item\":\"https:\/\/gobiker.es\/fr\/boutique\/\"},{\"@type\":\"ListItem\",\"position\":3,\"name\":\"Speed4\"}]},{\"@type\":\"WebSite\",\"@id\":\"https:\/\/gobiker.es\/fr\/#website\",\"url\":\"https:\/\/gobiker.es\/fr\/\",\"name\":\"Go Biker\",\"description\":\"Expertos en portabicicletas\",\"potentialAction\":[{\"@type\":\"SearchAction\",\"target\":{\"@type\":\"EntryPoint\",\"urlTemplate\":\"https:\/\/gobiker.es\/fr\/?s={search_term_string}\"},\"query-input\":{\"@type\":\"PropertyValueSpecification\",\"valueRequired\":true,\"valueName\":\"search_term_string\"}}],\"inLanguage\":\"fr-FR\"}]}<\/script>\n<!-- \/ Yoast SEO plugin. -->","yoast_head_json":{"title":"Porta bicicletas de enganche - Speed4 | Gobikeronline","description":"Porta bicicletas de enganche. El portabicicletas m\u00e1s y mejor completo del mercado se llama GOBIKER SPEED4. Compra gobikeronline.","robots":{"index":"index","follow":"follow","max-snippet":"max-snippet:-1","max-image-preview":"max-image-preview:large","max-video-preview":"max-video-preview:-1"},"canonical":"https:\/\/gobiker.es\/fr\/producto\/porte-velos\/attelage\/speed4\/","schema":{"@context":"https:\/\/schema.org","@graph":[{"@type":"WebPage","@id":"https:\/\/gobiker.es\/fr\/producto\/porte-velos\/attelage\/speed4\/","url":"https:\/\/gobiker.es\/fr\/producto\/porte-velos\/attelage\/speed4\/","name":"Porta bicicletas de enganche - Speed4 | Gobikeronline","isPartOf":{"@id":"https:\/\/gobiker.es\/fr\/#website"},"primaryImageOfPage":{"@id":"https:\/\/gobiker.es\/fr\/producto\/porte-velos\/attelage\/speed4\/#primaryimage"},"image":{"@id":"https:\/\/gobiker.es\/fr\/producto\/porte-velos\/attelage\/speed4\/#primaryimage"},"thumbnailUrl":"https:\/\/gobiker.es\/wp-content\/uploads\/2020\/07\/gobiker-speed4-1-scaled.jpg","datePublished":"2020-07-06T14:49:10+00:00","dateModified":"2022-10-18T23:52:41+00:00","description":"Porta bicicletas de enganche. El portabicicletas m\u00e1s y mejor completo del mercado se llama GOBIKER SPEED4. Compra gobikeronline.","breadcrumb":{"@id":"https:\/\/gobiker.es\/fr\/producto\/porte-velos\/attelage\/speed4\/#breadcrumb"},"inLanguage":"fr-FR","potentialAction":[{"@type":"ReadAction","target":["https:\/\/gobiker.es\/fr\/producto\/porte-velos\/attelage\/speed4\/"]}]},{"@type":"ImageObject","inLanguage":"fr-FR","@id":"https:\/\/gobiker.es\/fr\/producto\/porte-velos\/attelage\/speed4\/#primaryimage","url":"https:\/\/gobiker.es\/wp-content\/uploads\/2020\/07\/gobiker-speed4-1-scaled.jpg","contentUrl":"https:\/\/gobiker.es\/wp-content\/uploads\/2020\/07\/gobiker-speed4-1-scaled.jpg","width":2560,"height":2309},{"@type":"BreadcrumbList","@id":"https:\/\/gobiker.es\/fr\/producto\/porte-velos\/attelage\/speed4\/#breadcrumb","itemListElement":[{"@type":"ListItem","position":1,"name":"Portada","item":"https:\/\/gobiker.es\/fr\/"},{"@type":"ListItem","position":2,"name":"Boutique","item":"https:\/\/gobiker.es\/fr\/boutique\/"},{"@type":"ListItem","position":3,"name":"Speed4"}]},{"@type":"WebSite","@id":"https:\/\/gobiker.es\/fr\/#website","url":"https:\/\/gobiker.es\/fr\/","name":"Go Biker","description":"Expertos en portabicicletas","potentialAction":[{"@type":"SearchAction","target":{"@type":"EntryPoint","urlTemplate":"https:\/\/gobiker.es\/fr\/?s={search_term_string}"},"query-input":{"@type":"PropertyValueSpecification","valueRequired":true,"valueName":"search_term_string"}}],"inLanguage":"fr-FR"}]}},"_links":{"self":[{"href":"https:\/\/gobiker.es\/fr\/wp-json\/wp\/v2\/product\/1266","targetHints":{"allow":["GET"]}}],"collection":[{"href":"https:\/\/gobiker.es\/fr\/wp-json\/wp\/v2\/product"}],"about":[{"href":"https:\/\/gobiker.es\/fr\/wp-json\/wp\/v2\/types\/product"}],"replies":[{"embeddable":true,"href":"https:\/\/gobiker.es\/fr\/wp-json\/wp\/v2\/comments?post=1266"}],"wp:featuredmedia":[{"embeddable":true,"href":"https:\/\/gobiker.es\/fr\/wp-json\/wp\/v2\/media\/1269"}],"wp:attachment":[{"href":"https:\/\/gobiker.es\/fr\/wp-json\/wp\/v2\/media?parent=1266"}],"wp:term":[{"taxonomy":"product_brand","embeddable":true,"href":"https:\/\/gobiker.es\/fr\/wp-json\/wp\/v2\/product_brand?post=1266"},{"taxonomy":"product_cat","embeddable":true,"href":"https:\/\/gobiker.es\/fr\/wp-json\/wp\/v2\/product_cat?post=1266"},{"taxonomy":"product_tag","embeddable":true,"href":"https:\/\/gobiker.es\/fr\/wp-json\/wp\/v2\/product_tag?post=1266"}],"curies":[{"name":"wp","href":"https:\/\/api.w.org\/{rel}","templated":true}]}}