{"id":1330,"date":"2019-05-15T14:04:34","date_gmt":"2019-05-15T12:04:34","guid":{"rendered":"http:\/\/gobiker.es\/producto\/non%20class\u00e9\/speed\/"},"modified":"2022-10-19T01:55:06","modified_gmt":"2022-10-18T23:55:06","slug":"speed","status":"publish","type":"product","link":"https:\/\/gobiker.es\/fr\/producto\/porte-velos\/attelage\/speed\/","title":{"rendered":"Speed"},"content":{"rendered":"<div class=\"fusion-fullwidth fullwidth-box fusion-builder-row-1 nonhundred-percent-fullwidth non-hundred-percent-height-scrolling\" style=\"--awb-border-radius-top-left:0px;--awb-border-radius-top-right:0px;--awb-border-radius-bottom-right:0px;--awb-border-radius-bottom-left:0px;--awb-margin-bottom:4vw;--awb-flex-wrap:wrap;\" id=\"contenedorDescripcionProducto\" ><div class=\"fusion-builder-row fusion-row\"><div class=\"fusion-layout-column fusion_builder_column fusion-builder-column-0 fusion_builder_column_1_1 1_1 fusion-one-full fusion-column-first fusion-column-last\" style=\"--awb-bg-size:cover;\"><div class=\"fusion-column-wrapper fusion-flex-column-wrapper-legacy\"><div class=\"fusion-title title fusion-title-1 fusion-sep-none fusion-title-center fusion-title-text fusion-title-size-one tituloH1Apartado\" style=\"--awb-text-color:#798a47;--awb-font-size:6rem;\"><h1 class=\"fusion-title-heading title-heading-center\" style=\"margin:0;font-size:1em;\"><h1>SPEED &#8211; Porte-v\u00e9los sur attelage<\/h1><\/h1><\/div><div class=\"fusion-text fusion-text-1 textoEditorCategoria\"><p><span style=\"font-weight: 400;\">Gobiker Speed, le porte-v\u00e9los le plus complet du march\u00e9.<\/span><\/p>\n<p><span style=\"font-weight: 400;\">Ce nouveau porte-v\u00e9los inclut une double serrure de s\u00e9curit\u00e9 pour le porte-v\u00e9los et les v\u00e9los. Capacit\u00e9 pour 3 v\u00e9los, sangles avec attaches rapides et bras mobiles comodes et s\u00fbrs pour une fixation optimale des v\u00e9los. En plus, son design en aluminium l\u00e9ger est pliable, basculant et rabattable, ce qui rend son utiliation quotidienne beaucoup plus facile et confortable.<\/span><\/p>\n<p><span style=\"font-weight: 400;\">Profitez du v\u00e9lo comme jamais auparavant avec le mod\u00e8le Gobiker Speed.<\/span><\/p>\n<\/div><div class=\"fusion-clearfix\"><\/div><\/div><\/div><\/div><\/div>\n","protected":false},"excerpt":{"rendered":"<p>Porte-v\u00e9los pour boule de remorquage, pliable, compact et facile \u00e0 utiliser, pour tous les types de v\u00e9los. Capacit\u00e9 pour 3 v\u00e9los.<\/p>\n","protected":false},"featured_media":1336,"comment_status":"closed","ping_status":"closed","template":"","meta":{"_acf_changed":false},"product_brand":[],"product_cat":[93,89],"product_tag":[],"class_list":{"0":"post-1330","1":"product","2":"type-product","3":"status-publish","4":"has-post-thumbnail","6":"product_cat-attelage","7":"product_cat-porte-velos","9":"first","10":"instock","11":"shipping-taxable","12":"product-type-simple"},"acf":[],"yoast_head":"<!-- This site is optimized with the Yoast SEO plugin v27.1.1 - https:\/\/yoast.com\/product\/yoast-seo-wordpress\/ -->\n<title>Porta bicicletas de enganche - Speed | Gobikeronline<\/title>\n<meta name=\"description\" content=\"Porta bicicletas de enganche. El portabicicletas m\u00e1s y mejor completo del mercado se llama GOBIKER SPEED. Compra gobikeronline.\" \/>\n<meta name=\"robots\" content=\"index, follow, max-snippet:-1, max-image-preview:large, max-video-preview:-1\" \/>\n<link rel=\"canonical\" href=\"https:\/\/gobiker.es\/fr\/producto\/porte-velos\/attelage\/speed\/\" \/>\n<script type=\"application\/ld+json\" class=\"yoast-schema-graph\">{\"@context\":\"https:\/\/schema.org\",\"@graph\":[{\"@type\":\"WebPage\",\"@id\":\"https:\/\/gobiker.es\/fr\/producto\/porte-velos\/attelage\/speed\/\",\"url\":\"https:\/\/gobiker.es\/fr\/producto\/porte-velos\/attelage\/speed\/\",\"name\":\"Porta bicicletas de enganche - Speed | Gobikeronline\",\"isPartOf\":{\"@id\":\"https:\/\/gobiker.es\/fr\/#website\"},\"primaryImageOfPage\":{\"@id\":\"https:\/\/gobiker.es\/fr\/producto\/porte-velos\/attelage\/speed\/#primaryimage\"},\"image\":{\"@id\":\"https:\/\/gobiker.es\/fr\/producto\/porte-velos\/attelage\/speed\/#primaryimage\"},\"thumbnailUrl\":\"https:\/\/gobiker.es\/wp-content\/uploads\/2019\/05\/Speed_cuadrado.jpg\",\"datePublished\":\"2019-05-15T12:04:34+00:00\",\"dateModified\":\"2022-10-18T23:55:06+00:00\",\"description\":\"Porta bicicletas de enganche. El portabicicletas m\u00e1s y mejor completo del mercado se llama GOBIKER SPEED. Compra gobikeronline.\",\"breadcrumb\":{\"@id\":\"https:\/\/gobiker.es\/fr\/producto\/porte-velos\/attelage\/speed\/#breadcrumb\"},\"inLanguage\":\"fr-FR\",\"potentialAction\":[{\"@type\":\"ReadAction\",\"target\":[\"https:\/\/gobiker.es\/fr\/producto\/porte-velos\/attelage\/speed\/\"]}]},{\"@type\":\"ImageObject\",\"inLanguage\":\"fr-FR\",\"@id\":\"https:\/\/gobiker.es\/fr\/producto\/porte-velos\/attelage\/speed\/#primaryimage\",\"url\":\"https:\/\/gobiker.es\/wp-content\/uploads\/2019\/05\/Speed_cuadrado.jpg\",\"contentUrl\":\"https:\/\/gobiker.es\/wp-content\/uploads\/2019\/05\/Speed_cuadrado.jpg\",\"width\":1500,\"height\":1500},{\"@type\":\"BreadcrumbList\",\"@id\":\"https:\/\/gobiker.es\/fr\/producto\/porte-velos\/attelage\/speed\/#breadcrumb\",\"itemListElement\":[{\"@type\":\"ListItem\",\"position\":1,\"name\":\"Portada\",\"item\":\"https:\/\/gobiker.es\/fr\/\"},{\"@type\":\"ListItem\",\"position\":2,\"name\":\"Boutique\",\"item\":\"https:\/\/gobiker.es\/fr\/boutique\/\"},{\"@type\":\"ListItem\",\"position\":3,\"name\":\"Speed\"}]},{\"@type\":\"WebSite\",\"@id\":\"https:\/\/gobiker.es\/fr\/#website\",\"url\":\"https:\/\/gobiker.es\/fr\/\",\"name\":\"Go Biker\",\"description\":\"Expertos en portabicicletas\",\"potentialAction\":[{\"@type\":\"SearchAction\",\"target\":{\"@type\":\"EntryPoint\",\"urlTemplate\":\"https:\/\/gobiker.es\/fr\/?s={search_term_string}\"},\"query-input\":{\"@type\":\"PropertyValueSpecification\",\"valueRequired\":true,\"valueName\":\"search_term_string\"}}],\"inLanguage\":\"fr-FR\"}]}<\/script>\n<!-- \/ Yoast SEO plugin. -->","yoast_head_json":{"title":"Porta bicicletas de enganche - Speed | Gobikeronline","description":"Porta bicicletas de enganche. El portabicicletas m\u00e1s y mejor completo del mercado se llama GOBIKER SPEED. Compra gobikeronline.","robots":{"index":"index","follow":"follow","max-snippet":"max-snippet:-1","max-image-preview":"max-image-preview:large","max-video-preview":"max-video-preview:-1"},"canonical":"https:\/\/gobiker.es\/fr\/producto\/porte-velos\/attelage\/speed\/","schema":{"@context":"https:\/\/schema.org","@graph":[{"@type":"WebPage","@id":"https:\/\/gobiker.es\/fr\/producto\/porte-velos\/attelage\/speed\/","url":"https:\/\/gobiker.es\/fr\/producto\/porte-velos\/attelage\/speed\/","name":"Porta bicicletas de enganche - Speed | Gobikeronline","isPartOf":{"@id":"https:\/\/gobiker.es\/fr\/#website"},"primaryImageOfPage":{"@id":"https:\/\/gobiker.es\/fr\/producto\/porte-velos\/attelage\/speed\/#primaryimage"},"image":{"@id":"https:\/\/gobiker.es\/fr\/producto\/porte-velos\/attelage\/speed\/#primaryimage"},"thumbnailUrl":"https:\/\/gobiker.es\/wp-content\/uploads\/2019\/05\/Speed_cuadrado.jpg","datePublished":"2019-05-15T12:04:34+00:00","dateModified":"2022-10-18T23:55:06+00:00","description":"Porta bicicletas de enganche. El portabicicletas m\u00e1s y mejor completo del mercado se llama GOBIKER SPEED. Compra gobikeronline.","breadcrumb":{"@id":"https:\/\/gobiker.es\/fr\/producto\/porte-velos\/attelage\/speed\/#breadcrumb"},"inLanguage":"fr-FR","potentialAction":[{"@type":"ReadAction","target":["https:\/\/gobiker.es\/fr\/producto\/porte-velos\/attelage\/speed\/"]}]},{"@type":"ImageObject","inLanguage":"fr-FR","@id":"https:\/\/gobiker.es\/fr\/producto\/porte-velos\/attelage\/speed\/#primaryimage","url":"https:\/\/gobiker.es\/wp-content\/uploads\/2019\/05\/Speed_cuadrado.jpg","contentUrl":"https:\/\/gobiker.es\/wp-content\/uploads\/2019\/05\/Speed_cuadrado.jpg","width":1500,"height":1500},{"@type":"BreadcrumbList","@id":"https:\/\/gobiker.es\/fr\/producto\/porte-velos\/attelage\/speed\/#breadcrumb","itemListElement":[{"@type":"ListItem","position":1,"name":"Portada","item":"https:\/\/gobiker.es\/fr\/"},{"@type":"ListItem","position":2,"name":"Boutique","item":"https:\/\/gobiker.es\/fr\/boutique\/"},{"@type":"ListItem","position":3,"name":"Speed"}]},{"@type":"WebSite","@id":"https:\/\/gobiker.es\/fr\/#website","url":"https:\/\/gobiker.es\/fr\/","name":"Go Biker","description":"Expertos en portabicicletas","potentialAction":[{"@type":"SearchAction","target":{"@type":"EntryPoint","urlTemplate":"https:\/\/gobiker.es\/fr\/?s={search_term_string}"},"query-input":{"@type":"PropertyValueSpecification","valueRequired":true,"valueName":"search_term_string"}}],"inLanguage":"fr-FR"}]}},"_links":{"self":[{"href":"https:\/\/gobiker.es\/fr\/wp-json\/wp\/v2\/product\/1330","targetHints":{"allow":["GET"]}}],"collection":[{"href":"https:\/\/gobiker.es\/fr\/wp-json\/wp\/v2\/product"}],"about":[{"href":"https:\/\/gobiker.es\/fr\/wp-json\/wp\/v2\/types\/product"}],"replies":[{"embeddable":true,"href":"https:\/\/gobiker.es\/fr\/wp-json\/wp\/v2\/comments?post=1330"}],"wp:featuredmedia":[{"embeddable":true,"href":"https:\/\/gobiker.es\/fr\/wp-json\/wp\/v2\/media\/1336"}],"wp:attachment":[{"href":"https:\/\/gobiker.es\/fr\/wp-json\/wp\/v2\/media?parent=1330"}],"wp:term":[{"taxonomy":"product_brand","embeddable":true,"href":"https:\/\/gobiker.es\/fr\/wp-json\/wp\/v2\/product_brand?post=1330"},{"taxonomy":"product_cat","embeddable":true,"href":"https:\/\/gobiker.es\/fr\/wp-json\/wp\/v2\/product_cat?post=1330"},{"taxonomy":"product_tag","embeddable":true,"href":"https:\/\/gobiker.es\/fr\/wp-json\/wp\/v2\/product_tag?post=1330"}],"curies":[{"name":"wp","href":"https:\/\/api.w.org\/{rel}","templated":true}]}}