{"id":1358,"date":"2019-03-30T11:22:41","date_gmt":"2019-03-30T10:22:41","guid":{"rendered":"http:\/\/gobiker.es\/producto\/non%20class\u00e9\/easyv3\/"},"modified":"2022-10-19T02:02:16","modified_gmt":"2022-10-19T00:02:16","slug":"easyv3","status":"publish","type":"product","link":"https:\/\/gobiker.es\/fr\/producto\/porte-velos\/coffre\/easyv3\/","title":{"rendered":"Easy V3"},"content":{"rendered":"<div class=\"fusion-fullwidth fullwidth-box fusion-builder-row-1 nonhundred-percent-fullwidth non-hundred-percent-height-scrolling\" style=\"--awb-border-radius-top-left:0px;--awb-border-radius-top-right:0px;--awb-border-radius-bottom-right:0px;--awb-border-radius-bottom-left:0px;--awb-margin-bottom:4vw;--awb-flex-wrap:wrap;\" id=\"contenedorDescripcionProducto\" ><div class=\"fusion-builder-row fusion-row\"><div class=\"fusion-layout-column fusion_builder_column fusion-builder-column-0 fusion_builder_column_1_1 1_1 fusion-one-full fusion-column-first fusion-column-last\" style=\"--awb-bg-size:cover;\"><div class=\"fusion-column-wrapper fusion-flex-column-wrapper-legacy\"><div class=\"fusion-title title fusion-title-1 fusion-sep-none fusion-title-center fusion-title-text fusion-title-size-one tituloH1Apartado\" style=\"--awb-text-color:#798a47;--awb-font-size:6rem;\"><h1 class=\"fusion-title-heading title-heading-center\" style=\"margin:0;font-size:1em;\"><h1>EASY V3 &#8211; Porte-v\u00e9los de coffre<\/h1><\/h1><\/div><div class=\"fusion-text fusion-text-1 textoEditorCategoria\"><p>Le porte-v\u00e9los EASY V3 permet un montage facile et il est prot\u00e9g\u00e9 par un rev\u00eatement en caoutchouc afin d&rsquo;\u00e9viter d&rsquo;ab\u00eemer la voiture et les v\u00e9los. Avec une capacit\u00e9 de transport de 3 v\u00e9los de 15 Kg chacun, il est devenu le produit id\u00e9al pour les aventuriers, les professionnels, les amateurs ou les d\u00e9butants dans le monde du cyclisme.<\/p>\n<p>Gobiker pense \u00e0 nouveau \u00e0 tous ces d\u00e9tails qui font la diff\u00e9rence et qui vous permettront de r\u00e9aliser tous vos projets.<\/p>\n<p>Id\u00e9al pour : les professionnels, les amateurs et les aventuriers, pour des balades occasionnelles \u00e0 la campagne, \u00e0 la montagne, en ville, etc. <span style=\"font-weight: 400;\">EAN: 8435059755557<\/span><\/p>\n<\/div><div class=\"fusion-clearfix\"><\/div><\/div><\/div><\/div><\/div>\n","protected":false},"excerpt":{"rendered":"<p>Porte-v\u00e9los sur le hayon pour transporter jusqu&rsquo;\u00e0 3 v\u00e9los. Montage facile avec sangles ajustables.<\/p>\n","protected":false},"featured_media":1360,"comment_status":"closed","ping_status":"closed","template":"","meta":{"_acf_changed":false},"product_brand":[],"product_cat":[94,89],"product_tag":[],"class_list":{"0":"post-1358","1":"product","2":"type-product","3":"status-publish","4":"has-post-thumbnail","6":"product_cat-coffre","7":"product_cat-porte-velos","9":"first","10":"instock","11":"shipping-taxable","12":"product-type-simple"},"acf":[],"yoast_head":"<!-- This site is optimized with the Yoast SEO plugin v27.1.1 - https:\/\/yoast.com\/product\/yoast-seo-wordpress\/ -->\n<title>Portabicis de port\u00f3n - Easy V3 | Compra Gobikeronline<\/title>\n<meta name=\"description\" content=\"Portabicis de port\u00f3n. El portabicicletas EASY V3 de f\u00e1cil montaje, con revestimiento de goma que evita da\u00f1ar el veh\u00edculo y las bicicletas para 3 bicicletas.\" \/>\n<meta name=\"robots\" content=\"index, follow, max-snippet:-1, max-image-preview:large, max-video-preview:-1\" \/>\n<link rel=\"canonical\" href=\"https:\/\/gobiker.es\/fr\/producto\/porte-velos\/coffre\/easyv3\/\" \/>\n<script type=\"application\/ld+json\" class=\"yoast-schema-graph\">{\"@context\":\"https:\/\/schema.org\",\"@graph\":[{\"@type\":\"WebPage\",\"@id\":\"https:\/\/gobiker.es\/fr\/producto\/porte-velos\/coffre\/easyv3\/\",\"url\":\"https:\/\/gobiker.es\/fr\/producto\/porte-velos\/coffre\/easyv3\/\",\"name\":\"Portabicis de port\u00f3n - Easy V3 | Compra Gobikeronline\",\"isPartOf\":{\"@id\":\"https:\/\/gobiker.es\/fr\/#website\"},\"primaryImageOfPage\":{\"@id\":\"https:\/\/gobiker.es\/fr\/producto\/porte-velos\/coffre\/easyv3\/#primaryimage\"},\"image\":{\"@id\":\"https:\/\/gobiker.es\/fr\/producto\/porte-velos\/coffre\/easyv3\/#primaryimage\"},\"thumbnailUrl\":\"https:\/\/gobiker.es\/wp-content\/uploads\/2019\/03\/Easy_4-WEB-jpg.jpg\",\"datePublished\":\"2019-03-30T10:22:41+00:00\",\"dateModified\":\"2022-10-19T00:02:16+00:00\",\"description\":\"Portabicis de port\u00f3n. El portabicicletas EASY V3 de f\u00e1cil montaje, con revestimiento de goma que evita da\u00f1ar el veh\u00edculo y las bicicletas para 3 bicicletas.\",\"breadcrumb\":{\"@id\":\"https:\/\/gobiker.es\/fr\/producto\/porte-velos\/coffre\/easyv3\/#breadcrumb\"},\"inLanguage\":\"fr-FR\",\"potentialAction\":[{\"@type\":\"ReadAction\",\"target\":[\"https:\/\/gobiker.es\/fr\/producto\/porte-velos\/coffre\/easyv3\/\"]}]},{\"@type\":\"ImageObject\",\"inLanguage\":\"fr-FR\",\"@id\":\"https:\/\/gobiker.es\/fr\/producto\/porte-velos\/coffre\/easyv3\/#primaryimage\",\"url\":\"https:\/\/gobiker.es\/wp-content\/uploads\/2019\/03\/Easy_4-WEB-jpg.jpg\",\"contentUrl\":\"https:\/\/gobiker.es\/wp-content\/uploads\/2019\/03\/Easy_4-WEB-jpg.jpg\",\"width\":1000,\"height\":1000},{\"@type\":\"BreadcrumbList\",\"@id\":\"https:\/\/gobiker.es\/fr\/producto\/porte-velos\/coffre\/easyv3\/#breadcrumb\",\"itemListElement\":[{\"@type\":\"ListItem\",\"position\":1,\"name\":\"Portada\",\"item\":\"https:\/\/gobiker.es\/fr\/\"},{\"@type\":\"ListItem\",\"position\":2,\"name\":\"Boutique\",\"item\":\"https:\/\/gobiker.es\/fr\/boutique\/\"},{\"@type\":\"ListItem\",\"position\":3,\"name\":\"Easy V3\"}]},{\"@type\":\"WebSite\",\"@id\":\"https:\/\/gobiker.es\/fr\/#website\",\"url\":\"https:\/\/gobiker.es\/fr\/\",\"name\":\"Go Biker\",\"description\":\"Expertos en portabicicletas\",\"potentialAction\":[{\"@type\":\"SearchAction\",\"target\":{\"@type\":\"EntryPoint\",\"urlTemplate\":\"https:\/\/gobiker.es\/fr\/?s={search_term_string}\"},\"query-input\":{\"@type\":\"PropertyValueSpecification\",\"valueRequired\":true,\"valueName\":\"search_term_string\"}}],\"inLanguage\":\"fr-FR\"}]}<\/script>\n<!-- \/ Yoast SEO plugin. -->","yoast_head_json":{"title":"Portabicis de port\u00f3n - Easy V3 | Compra Gobikeronline","description":"Portabicis de port\u00f3n. El portabicicletas EASY V3 de f\u00e1cil montaje, con revestimiento de goma que evita da\u00f1ar el veh\u00edculo y las bicicletas para 3 bicicletas.","robots":{"index":"index","follow":"follow","max-snippet":"max-snippet:-1","max-image-preview":"max-image-preview:large","max-video-preview":"max-video-preview:-1"},"canonical":"https:\/\/gobiker.es\/fr\/producto\/porte-velos\/coffre\/easyv3\/","schema":{"@context":"https:\/\/schema.org","@graph":[{"@type":"WebPage","@id":"https:\/\/gobiker.es\/fr\/producto\/porte-velos\/coffre\/easyv3\/","url":"https:\/\/gobiker.es\/fr\/producto\/porte-velos\/coffre\/easyv3\/","name":"Portabicis de port\u00f3n - Easy V3 | Compra Gobikeronline","isPartOf":{"@id":"https:\/\/gobiker.es\/fr\/#website"},"primaryImageOfPage":{"@id":"https:\/\/gobiker.es\/fr\/producto\/porte-velos\/coffre\/easyv3\/#primaryimage"},"image":{"@id":"https:\/\/gobiker.es\/fr\/producto\/porte-velos\/coffre\/easyv3\/#primaryimage"},"thumbnailUrl":"https:\/\/gobiker.es\/wp-content\/uploads\/2019\/03\/Easy_4-WEB-jpg.jpg","datePublished":"2019-03-30T10:22:41+00:00","dateModified":"2022-10-19T00:02:16+00:00","description":"Portabicis de port\u00f3n. El portabicicletas EASY V3 de f\u00e1cil montaje, con revestimiento de goma que evita da\u00f1ar el veh\u00edculo y las bicicletas para 3 bicicletas.","breadcrumb":{"@id":"https:\/\/gobiker.es\/fr\/producto\/porte-velos\/coffre\/easyv3\/#breadcrumb"},"inLanguage":"fr-FR","potentialAction":[{"@type":"ReadAction","target":["https:\/\/gobiker.es\/fr\/producto\/porte-velos\/coffre\/easyv3\/"]}]},{"@type":"ImageObject","inLanguage":"fr-FR","@id":"https:\/\/gobiker.es\/fr\/producto\/porte-velos\/coffre\/easyv3\/#primaryimage","url":"https:\/\/gobiker.es\/wp-content\/uploads\/2019\/03\/Easy_4-WEB-jpg.jpg","contentUrl":"https:\/\/gobiker.es\/wp-content\/uploads\/2019\/03\/Easy_4-WEB-jpg.jpg","width":1000,"height":1000},{"@type":"BreadcrumbList","@id":"https:\/\/gobiker.es\/fr\/producto\/porte-velos\/coffre\/easyv3\/#breadcrumb","itemListElement":[{"@type":"ListItem","position":1,"name":"Portada","item":"https:\/\/gobiker.es\/fr\/"},{"@type":"ListItem","position":2,"name":"Boutique","item":"https:\/\/gobiker.es\/fr\/boutique\/"},{"@type":"ListItem","position":3,"name":"Easy V3"}]},{"@type":"WebSite","@id":"https:\/\/gobiker.es\/fr\/#website","url":"https:\/\/gobiker.es\/fr\/","name":"Go Biker","description":"Expertos en portabicicletas","potentialAction":[{"@type":"SearchAction","target":{"@type":"EntryPoint","urlTemplate":"https:\/\/gobiker.es\/fr\/?s={search_term_string}"},"query-input":{"@type":"PropertyValueSpecification","valueRequired":true,"valueName":"search_term_string"}}],"inLanguage":"fr-FR"}]}},"_links":{"self":[{"href":"https:\/\/gobiker.es\/fr\/wp-json\/wp\/v2\/product\/1358","targetHints":{"allow":["GET"]}}],"collection":[{"href":"https:\/\/gobiker.es\/fr\/wp-json\/wp\/v2\/product"}],"about":[{"href":"https:\/\/gobiker.es\/fr\/wp-json\/wp\/v2\/types\/product"}],"replies":[{"embeddable":true,"href":"https:\/\/gobiker.es\/fr\/wp-json\/wp\/v2\/comments?post=1358"}],"wp:featuredmedia":[{"embeddable":true,"href":"https:\/\/gobiker.es\/fr\/wp-json\/wp\/v2\/media\/1360"}],"wp:attachment":[{"href":"https:\/\/gobiker.es\/fr\/wp-json\/wp\/v2\/media?parent=1358"}],"wp:term":[{"taxonomy":"product_brand","embeddable":true,"href":"https:\/\/gobiker.es\/fr\/wp-json\/wp\/v2\/product_brand?post=1358"},{"taxonomy":"product_cat","embeddable":true,"href":"https:\/\/gobiker.es\/fr\/wp-json\/wp\/v2\/product_cat?post=1358"},{"taxonomy":"product_tag","embeddable":true,"href":"https:\/\/gobiker.es\/fr\/wp-json\/wp\/v2\/product_tag?post=1358"}],"curies":[{"name":"wp","href":"https:\/\/api.w.org\/{rel}","templated":true}]}}